{"id":56975,"date":"2019-12-10T20:12:59","date_gmt":"2019-12-10T20:12:59","guid":{"rendered":"https:\/\/the7.io\/basic-business\/?page_id=4"},"modified":"2024-03-21T11:55:16","modified_gmt":"2024-03-21T10:55:16","slug":"home","status":"publish","type":"page","link":"https:\/\/www.sw-gruppe.com\/de\/","title":{"rendered":"Home"},"content":{"rendered":"<div class=\"wpb-content-wrapper\"><div style=\"min-height: 100%\" class=\"vc_row wpb_row vc_row-fluid vc_row-o-full-height vc_row-o-columns-top vc_row-flex\"><div class=\"wpb_column vc_column_container vc_col-sm-12\"><div class=\"vc_column-inner\"><div class=\"wpb_wrapper\">\n\t\t\t<!-- START Slider 1 REVOLUTION SLIDER 6.7.38 --><p class=\"rs-p-wp-fix\"><\/p>\n\t\t\t<rs-module-wrap id=\"rev_slider_4_1_wrapper\" data-source=\"gallery\" style=\"visibility:hidden;background:transparent;padding:0;\">\n\t\t\t\t<rs-module id=\"rev_slider_4_1\" style=\"\" data-version=\"6.7.38\">\n\t\t\t\t\t<rs-slides style=\"overflow: hidden; position: absolute;\">\n\t\t\t\t\t\t<rs-slide style=\"position: absolute;\" data-key=\"rs-10\" data-title=\"Erste slider\" data-anim=\"adpr:false;\" data-in=\"o:0;\" data-out=\"a:false;\">\n\t\t\t\t\t\t\t<img decoding=\"async\" src=\"\/\/www.sw-gruppe.com\/wp-content\/plugins\/revslider\/sr6\/assets\/assets\/dummy.png\" alt=\"\" title=\"SliderBild1\" width=\"1920\" height=\"854\" class=\"rev-slidebg tp-rs-img rs-lazyload\" data-lazyload=\"\/\/www.sw-gruppe.com\/wp-content\/uploads\/2022\/07\/SliderBild1.jpg\" data-no-retina>\n<!--\n\t\t\t\t\t\t\t--><rs-layer\n\t\t\t\t\t\t\t\tid=\"slider-4-slide-10-layer-1\" \n\t\t\t\t\t\t\t\tdata-type=\"shape\"\n\t\t\t\t\t\t\t\tdata-rsp_ch=\"on\"\n\t\t\t\t\t\t\t\tdata-text=\"w:normal;s:20,10,7,4;l:0,13,9,6;\"\n\t\t\t\t\t\t\t\tdata-dim=\"w:100%;h:100%;\"\n\t\t\t\t\t\t\t\tdata-basealign=\"slide\"\n\t\t\t\t\t\t\t\tdata-frame_999=\"o:0;st:w;\"\n\t\t\t\t\t\t\t\tstyle=\"z-index:8;background-color:rgba(0,0,0,0.07);\"\n\t\t\t\t\t\t\t> \n\t\t\t\t\t\t\t<\/rs-layer><!--\n\n\t\t\t\t\t\t\t--><rs-layer\n\t\t\t\t\t\t\t\tid=\"slider-4-slide-10-layer-3\" \n\t\t\t\t\t\t\t\tdata-type=\"text\"\n\t\t\t\t\t\t\t\tdata-tsh=\"c:#000000;h:1px,0px,0px,0px;v:5px,6px,6px,6px;b:6px,5px,5px,6px;\"\n\t\t\t\t\t\t\t\tdata-rsp_ch=\"on\"\n\t\t\t\t\t\t\t\tdata-xy=\"x:r,r,c,c;xo:26px,13px,0,0;y:m;yo:9px,4px,0,0;\"\n\t\t\t\t\t\t\t\tdata-text=\"w:normal;s:40,30,28,27;l:59,65,55,50;\"\n\t\t\t\t\t\t\t\tdata-dim=\"w:879px,468px,355px,219px;minh:0,none,none,none;\"\n\t\t\t\t\t\t\t\tdata-frame_0=\"x:45px,24px,18px,11px;\"\n\t\t\t\t\t\t\t\tdata-frame_1=\"sp:2500;\"\n\t\t\t\t\t\t\t\tdata-frame_999=\"o:0;st:w;\"\n\t\t\t\t\t\t\t\tstyle=\"z-index:9;font-family:'Poppins';text-transform:uppercase;\"\n\t\t\t\t\t\t\t>Angetrieben von der Leidenschaft <br \/>\nf\u00fcr Immobilien, entwickeln wir unseren Bestand stets innovativ und konsequent weiter. \n\t\t\t\t\t\t\t<\/rs-layer><!--\n-->\t\t\t\t\t<\/rs-slide>\n\t\t\t\t\t\t<rs-slide style=\"position: absolute;\" data-key=\"rs-16\" data-title=\"zweiter Slide\" data-anim=\"adpr:false;\" data-in=\"o:0;\" data-out=\"a:false;\">\n\t\t\t\t\t\t\t<img decoding=\"async\" src=\"\/\/www.sw-gruppe.com\/wp-content\/plugins\/revslider\/sr6\/assets\/assets\/dummy.png\" alt=\"\" title=\"SliderBild2\" width=\"1920\" height=\"854\" class=\"rev-slidebg tp-rs-img rs-lazyload\" data-lazyload=\"\/\/www.sw-gruppe.com\/wp-content\/uploads\/2022\/08\/SliderBild2.jpg\" data-no-retina>\n<!--\n\t\t\t\t\t\t\t--><rs-layer\n\t\t\t\t\t\t\t\tid=\"slider-4-slide-16-layer-1\" \n\t\t\t\t\t\t\t\tdata-type=\"shape\"\n\t\t\t\t\t\t\t\tdata-rsp_ch=\"on\"\n\t\t\t\t\t\t\t\tdata-text=\"w:normal;s:20,10,7,4;l:0,13,9,6;\"\n\t\t\t\t\t\t\t\tdata-dim=\"w:100%;h:100%;\"\n\t\t\t\t\t\t\t\tdata-basealign=\"slide\"\n\t\t\t\t\t\t\t\tdata-frame_999=\"o:0;st:w;\"\n\t\t\t\t\t\t\t\tstyle=\"z-index:8;background-color:rgba(0,0,0,0.07);\"\n\t\t\t\t\t\t\t> \n\t\t\t\t\t\t\t<\/rs-layer><!--\n\n\t\t\t\t\t\t\t--><rs-layer\n\t\t\t\t\t\t\t\tid=\"slider-4-slide-16-layer-2\" \n\t\t\t\t\t\t\t\tdata-type=\"text\"\n\t\t\t\t\t\t\t\tdata-tsh=\"c:#000000;h:1px,0px,0px,0px;v:5px,6px,6px,6px;b:6px,5px,5px,6px;\"\n\t\t\t\t\t\t\t\tdata-rsp_ch=\"on\"\n\t\t\t\t\t\t\t\tdata-xy=\"x:r,r,c,c;xo:26px,13px,0,0;y:m;yo:9px,4px,0,0;\"\n\t\t\t\t\t\t\t\tdata-text=\"w:normal;s:40,30,28,27;l:59,65,55,50;\"\n\t\t\t\t\t\t\t\tdata-dim=\"w:841px,448px,340px,209px;minh:0,none,none,none;\"\n\t\t\t\t\t\t\t\tdata-frame_0=\"x:45px,24px,18px,11px;\"\n\t\t\t\t\t\t\t\tdata-frame_1=\"sp:2500;\"\n\t\t\t\t\t\t\t\tdata-frame_999=\"o:0;st:w;\"\n\t\t\t\t\t\t\t\tstyle=\"z-index:9;font-family:'Poppins';text-transform:uppercase;\"\n\t\t\t\t\t\t\t>IMMOBILIEN NUR ZU VERWALTEN, IST UNS ZU WENIG. WIR WOLLEN POTENZIALE ENTFALTEN, MEHRWERT SCHAFFEN UND ZUKUNFT GESTALTEN. \n\t\t\t\t\t\t\t<\/rs-layer><!--\n-->\t\t\t\t\t<\/rs-slide>\n\t\t\t\t\t<\/rs-slides>\n\t\t\t\t<\/rs-module>\n\t\t\t\t<script>\n\t\t\t\t\tsetREVStartSize({c: 'rev_slider_4_1',rl:[1240,1024,778,480],el:[900,768,960,720],gw:[1920,1024,778,480],gh:[900,768,960,720],type:'standard',justify:'',layout:'fullscreen',offsetContainer:'#masthead',offset:'',mh:\"0\"});if (window.RS_MODULES!==undefined && window.RS_MODULES.modules!==undefined && window.RS_MODULES.modules[\"revslider41\"]!==undefined) {window.RS_MODULES.modules[\"revslider41\"].once = false;window.revapi4 = undefined;if (window.RS_MODULES.checkMinimal!==undefined) window.RS_MODULES.checkMinimal()}\n\t\t\t\t<\/script>\n\t\t\t<\/rs-module-wrap>\n\t\t\t<!-- END REVOLUTION SLIDER -->\n<\/div><\/div><\/div><\/div><div data-vc-full-width=\"true\" data-vc-full-width-temp=\"true\" data-vc-full-width-init=\"false\" data-vc-stretch-content=\"true\" class=\"vc_row wpb_row vc_row-fluid vc_row-o-equal-height vc_row-o-content-top vc_row-flex\"><div class=\"wpb_column vc_column_container vc_col-sm-6\"><div class=\"vc_column-inner\"><div class=\"wpb_wrapper\">\n\t<div class=\"wpb_text_column wpb_content_element \" >\n\t\t<div class=\"wpb_wrapper\">\n\t\t\t<h1>SW GRUPPE &#8211;<br \/>\n<em>IMMOBILIEN SIND UNSERE WELT<br \/>\n<\/em><\/h1>\n<p>Erfolgreiche Immobilienprofis schaffen den Spagat zwischen Investition, Rendite und Wertsteigerung. Sie suchen interessante Anlageobjekte, eine engagierte Verwaltung oder planen Immobilien zu ver\u00e4u\u00dfern? Wir freuen uns darauf Sie kennenzulernen.<\/p>\n\n\t\t<\/div>\n\t<\/div>\n<div class=\" vc_custom_1657808468361 ubtn-ctn-inline mobilbutton\"><a class=\"ubtn-link ult-adjust-bottom-margin ubtn-inline ubtn-custom mobilbutton\" href=\"https:\/\/www.sw-gruppe.com\/ueber-uns\/\" title=\"Uber Uns\" ><button type=\"button\" id=\"ubtn-3202\"  class=\"ubtn ult-adjust-bottom-margin ult-responsive ubtn-custom ubtn-no-hover-bg  none  ubtn-inline   tooltip-69edfaf5af15d\"  data-hover=\"#ffffff\" data-border-color=\"\" data-bg=\"#818181\" data-hover-bg=\"#c7565a\" data-border-hover=\"\" data-shadow-hover=\"\" data-shadow-click=\"none\" data-shadow=\"\" data-shd-shadow=\"\"  data-ultimate-target='#ubtn-3202'  data-responsive-json-new='{\"font-size\":\"desktop:19px;\",\"line-height\":\"\"}'  style=\"font-family:&#039;Poppins&#039;;font-weight:normal;width:200px;min-height:55px;padding:px px;border:none;background: #818181;color: #ffffff;\"><span class=\"ubtn-hover\" style=\"background-color:#c7565a\"><\/span><span class=\"ubtn-data ubtn-text \" >\u00dcber uns<\/span><\/button><\/a><\/div><\/div><\/div><\/div><div class=\"boxpadding wpb_column vc_column_container vc_col-sm-6\"><div class=\"vc_column-inner\"><div class=\"wpb_wrapper\">\n\t<div  class=\"wpb_single_image wpb_content_element vc_align_right\">\n\t\t\n\t\t<figure class=\"wpb_wrapper vc_figure\">\n\t\t\t<div class=\"vc_single_image-wrapper   vc_box_border_grey\"><img loading=\"lazy\" decoding=\"async\" width=\"674\" height=\"429\" src=\"https:\/\/www.sw-gruppe.com\/wp-content\/uploads\/2022\/07\/ueber_uns.jpg\" class=\"vc_single_image-img attachment-full\" alt=\"\" title=\"IMMOBILIEN SIND UNSERE WELT\" srcset=\"https:\/\/www.sw-gruppe.com\/wp-content\/uploads\/2022\/07\/ueber_uns.jpg 674w, https:\/\/www.sw-gruppe.com\/wp-content\/uploads\/2022\/07\/ueber_uns-300x191.jpg 300w, https:\/\/www.sw-gruppe.com\/wp-content\/uploads\/2022\/07\/ueber_uns-18x12.jpg 18w\" sizes=\"auto, (max-width: 674px) 100vw, 674px\"  data-dt-location=\"https:\/\/www.sw-gruppe.com\/de\/home\/ueber_uns-2\/\" \/><\/div>\n\t\t<\/figure>\n\t<\/div>\n<\/div><\/div><\/div><\/div><div class=\"vc_row-full-width vc_clearfix\"><\/div><div style=\"min-height: 50%\" data-vc-full-width=\"true\" data-vc-full-width-temp=\"true\" data-vc-full-width-init=\"false\" data-vc-stretch-content=\"true\" class=\"vc_row wpb_row vc_row-fluid vc_custom_1646841218461 vc_row-has-fill\"><div class=\"wpb_column vc_column_container vc_col-sm-12\"><div class=\"vc_column-inner\"><div class=\"wpb_wrapper\">\n\t<div class=\"wpb_text_column wpb_content_element  vc_custom_1646310397180\" >\n\t\t<div class=\"wpb_wrapper\">\n\t\t\t<h2>UNSERE DREI S\u00c4ULEN<br \/>\n<em>Ein Einblick in unsere Spezialgebiete<\/em><\/h2>\n\n\t\t<\/div>\n\t<\/div>\n<\/div><\/div><\/div><div class=\"wpb_column vc_column_container vc_col-sm-4\"><div class=\"vc_column-inner\"><div class=\"wpb_wrapper\"><div class=\"flip-box-wrap\" tabindex=\"0\" style=\"margin-right:4px;margin-left:4px;\"><div class=\"flip-box ifb-auto-height box1 horizontal_flip_left flip-ifb-auto-height\" data-animation=\"\" data-animation-delay=\"03\" style=\"\" ><div class=\"ifb-flip-box\" id=\"flip-box-wrap-8941\"><div class=\"ifb-face ifb-front \" style=\"color:#333333;background:#efefef;  border-color:#A4A4A4; \">\n\t\t\t\t\t\t\t<div class=\"ifb-flip-box-section ifb-flip-box-section-vertical-middle\">\n\t\t\t\t\t\t\t<div class=\"flip-box-icon\"><div class=\"ult-just-icon-wrapper  \"><div class=\"align-icon\" style=\"text-align:center;\">\n<div class=\"aio-icon-img \" style=\"font-size:600px;display:inline-block;\" >\n\t<img decoding=\"async\" class=\"img-icon\" alt=\"null\" src=\"https:\/\/www.sw-gruppe.com\/wp-content\/uploads\/2022\/05\/verwaltung4-1.jpg\"\/>\n<\/div><\/div><\/div><\/div><\/div><\/div><!-- END .front -->\n\t\t\t\t\t\t<div class=\"ifb-face ifb-back\" style=\"color:#f4f4f4;color:#ffffff;  border-color:#A4A4A4; \">\n\t\t\t\t\t\t\t<div class=\"ifb-flip-box-section ifb-flip-box-section-vertical-middle\"><h3 class=\"ult-responsive flipbox_heading\"  data-ultimate-target='#flip-box-wrap-8941 .ult-responsive.flipbox_heading'  data-responsive-json-new='{\"font-size\":\"desktop:20px;\",\"line-height\":\"\"}'  style=\"color:#f4f4f4; font-family:&#039;Poppins&#039;;font-weight:normal;font-style:normal;\">KAUFM\u00c4NNISCHE VERWALTUNG<\/h3><div class=\"ifb-desc-back\"><div class=\"ifb-flip-box-section-content ult-responsive\"  data-ultimate-target='#flip-box-wrap-8941 .ifb-flip-box-section-content.ult-responsive'  data-responsive-json-new='{\"font-size\":\"desktop:16px;\",\"line-height\":\"\"}'  style=\"font-family:&#039;Poppins&#039;;font-weight:300;color:#f4f4f4;color:#ffffff;\"><p>Gewerbliche Immobilien bed\u00fcrfen einer umfassenden Expertise zur erfolgreichen Bewirtschaftung. Wir sorgen f\u00fcr langfristigen Werterhalt und neue Perspektiven.<\/p><\/div><\/div><div class=\"flip_link\"><a href=\"https:\/\/www.sw-gruppe.com\/kompetenz\/kaufmaennische-verwaltung\/\"  >MEHR ERFAHREN<\/a><\/div><\/div><\/div><!-- END .back --><\/div> <!-- ifb-flip-box --><\/div> <!-- flip-box --><\/div><!-- End icon block --><div id=\"ultimate-heading-423869edfaf5b1023\" class=\"uvc-heading ult-adjust-bottom-margin ultimate-heading-423869edfaf5b1023 uvc-8022  uvc-heading-default-font-sizes\" data-hspacer=\"no_spacer\"  data-halign=\"center\" style=\"text-align:center\"><div class=\"uvc-heading-spacer no_spacer\" style=\"top\"><\/div><div class=\"uvc-main-heading ult-responsive\"  data-ultimate-target='.uvc-heading.ultimate-heading-423869edfaf5b1023 h4'  data-responsive-json-new='{\"font-size\":\"\",\"line-height\":\"\"}' ><h4 style=\"font-family:&#039;Poppins&#039;;--font-weight:theme;\">KAUFM\u00c4NNISCHE VERWALTUNG<\/h4><\/div><\/div><\/div><\/div><\/div><div class=\"wpb_column vc_column_container vc_col-sm-4\"><div class=\"vc_column-inner\"><div class=\"wpb_wrapper\"><div class=\"flip-box-wrap\" tabindex=\"0\" style=\"margin-right:4px;margin-left:4px;\"><div class=\"flip-box ifb-auto-height box1 horizontal_flip_left flip-ifb-auto-height\" data-animation=\"\" data-animation-delay=\"03\" style=\"\" ><div class=\"ifb-flip-box\" id=\"flip-box-wrap-9677\"><div class=\"ifb-face ifb-front \" style=\"color:#333333;background:#efefef;  border-color:#A4A4A4; \">\n\t\t\t\t\t\t\t<div class=\"ifb-flip-box-section ifb-flip-box-section-vertical-middle\">\n\t\t\t\t\t\t\t<div class=\"flip-box-icon\"><div class=\"ult-just-icon-wrapper  \"><div class=\"align-icon\" style=\"text-align:center;\">\n<div class=\"aio-icon-img \" style=\"font-size:600px;display:inline-block;\" >\n\t<img decoding=\"async\" class=\"img-icon\" alt=\"null\" src=\"https:\/\/www.sw-gruppe.com\/wp-content\/uploads\/2022\/05\/investment5.jpg\"\/>\n<\/div><\/div><\/div><\/div><\/div><\/div><!-- END .front -->\n\t\t\t\t\t\t<div class=\"ifb-face ifb-back\" style=\"color:#f4f4f4;color:#ffffff;  border-color:#A4A4A4; \">\n\t\t\t\t\t\t\t<div class=\"ifb-flip-box-section ifb-flip-box-section-vertical-middle\"><h3 class=\"ult-responsive flipbox_heading\"  data-ultimate-target='#flip-box-wrap-9677 .ult-responsive.flipbox_heading'  data-responsive-json-new='{\"font-size\":\"desktop:20px;\",\"line-height\":\"\"}'  style=\"color:#f4f4f4; font-family:&#039;Poppins&#039;;font-weight:normal;font-style:normal;\">INVESTMENT<\/h3><div class=\"ifb-desc-back\"><div class=\"ifb-flip-box-section-content ult-responsive\"  data-ultimate-target='#flip-box-wrap-9677 .ifb-flip-box-section-content.ult-responsive'  data-responsive-json-new='{\"font-size\":\"desktop:16px;\",\"line-height\":\"\"}'  style=\"font-family:&#039;Poppins&#039;;font-weight:300;color:#f4f4f4;color:#ffffff;\"><p>Objekte in 1a-Citylage, Logistik-Center am Stadtrand, Leuchtturmprojekte mit Potenzial \u2013 was lohnt wirklich? Ohne fundierte Marktkenntnisse geht nichts.<\/p><\/div><\/div><div class=\"flip_link\"><a href=\"https:\/\/www.sw-gruppe.com\/kompetenz\/investment\/\"  >MEHR ERFAHREN<\/a><\/div><\/div><\/div><!-- END .back --><\/div> <!-- ifb-flip-box --><\/div> <!-- flip-box --><\/div><!-- End icon block --><div id=\"ultimate-heading-182369edfaf5b18d7\" class=\"uvc-heading ult-adjust-bottom-margin ultimate-heading-182369edfaf5b18d7 uvc-4967  uvc-heading-default-font-sizes\" data-hspacer=\"no_spacer\"  data-halign=\"center\" style=\"text-align:center\"><div class=\"uvc-heading-spacer no_spacer\" style=\"top\"><\/div><div class=\"uvc-main-heading ult-responsive\"  data-ultimate-target='.uvc-heading.ultimate-heading-182369edfaf5b18d7 h4'  data-responsive-json-new='{\"font-size\":\"\",\"line-height\":\"\"}' ><h4 style=\"font-family:&#039;Poppins&#039;;--font-weight:theme;\">INVESTMENT<\/h4><\/div><\/div><\/div><\/div><\/div><div class=\"wpb_column vc_column_container vc_col-sm-4\"><div class=\"vc_column-inner\"><div class=\"wpb_wrapper\"><div class=\"flip-box-wrap\" tabindex=\"0\" style=\"margin-right:4px;margin-left:4px;\"><div class=\"flip-box ifb-auto-height box1 horizontal_flip_left flip-ifb-auto-height\" data-animation=\"\" data-animation-delay=\"03\" style=\"\" ><div class=\"ifb-flip-box\" id=\"flip-box-wrap-6078\"><div class=\"ifb-face ifb-front \" style=\"color:#333333;background:#efefef;  border-color:#A4A4A4; \">\n\t\t\t\t\t\t\t<div class=\"ifb-flip-box-section ifb-flip-box-section-vertical-middle\">\n\t\t\t\t\t\t\t<div class=\"flip-box-icon\"><div class=\"ult-just-icon-wrapper  \"><div class=\"align-icon\" style=\"text-align:center;\">\n<div class=\"aio-icon-img \" style=\"font-size:600px;display:inline-block;\" >\n\t<img decoding=\"async\" class=\"img-icon\" alt=\"null\" src=\"https:\/\/www.sw-gruppe.com\/wp-content\/uploads\/2022\/05\/fm.jpg\"\/>\n<\/div><\/div><\/div><\/div><\/div><\/div><!-- END .front -->\n\t\t\t\t\t\t<div class=\"ifb-face ifb-back\" style=\"color:#ffffff;  border-color:#A4A4A4; \">\n\t\t\t\t\t\t\t<div class=\"ifb-flip-box-section ifb-flip-box-section-vertical-middle\"><h3 class=\"ult-responsive flipbox_heading\"  data-ultimate-target='#flip-box-wrap-6078 .ult-responsive.flipbox_heading'  data-responsive-json-new='{\"font-size\":\"\",\"line-height\":\"\"}'  style=\"color:#ffffff; font-family:&#039;Poppins&#039;;font-weight:500;\">FACILITY MANAGEMENT<\/h3><div class=\"ifb-desc-back\"><div class=\"ifb-flip-box-section-content ult-responsive\"  data-ultimate-target='#flip-box-wrap-6078 .ifb-flip-box-section-content.ult-responsive'  data-responsive-json-new='{\"font-size\":\"desktop:16px;\",\"line-height\":\"\"}'  style=\"font-family:&#039;Poppins&#039;;color:#ffffff;\"><p>Ver- und Entsorgung, W\u00e4rme, Strom, IT \u2013 sowohl die technischen als auch die rechtlichen Anforderungen steigen. Wir halten die Geb\u00e4udetechnik auf dem neuesten Stand.<\/p><\/div><\/div><div class=\"flip_link\"><a href=\"https:\/\/www.sw-gruppe.com\/facility-management\/\"  >MEHR ERFAHREN<\/a><\/div><\/div><\/div><!-- END .back --><\/div> <!-- ifb-flip-box --><\/div> <!-- flip-box --><\/div><!-- End icon block --><div id=\"ultimate-heading-932669edfaf5b21e2\" class=\"uvc-heading ult-adjust-bottom-margin ultimate-heading-932669edfaf5b21e2 uvc-9944  uvc-heading-default-font-sizes\" data-hspacer=\"no_spacer\"  data-halign=\"center\" style=\"text-align:center\"><div class=\"uvc-heading-spacer no_spacer\" style=\"top\"><\/div><div class=\"uvc-main-heading ult-responsive\"  data-ultimate-target='.uvc-heading.ultimate-heading-932669edfaf5b21e2 h4'  data-responsive-json-new='{\"font-size\":\"\",\"line-height\":\"\"}' ><h4 style=\"font-family:&#039;Poppins&#039;;--font-weight:theme;\">FACILITY MANAGEMENT<\/h4><\/div><\/div><\/div><\/div><\/div><\/div><div class=\"vc_row-full-width vc_clearfix\"><\/div>\n<\/div>","protected":false},"excerpt":{"rendered":"<p>SW GRUPPE &#8211; IMMOBILIEN SIND UNSERE WELT Erfolgreiche Immobilienprofis schaffen den Spagat zwischen Investition, Rendite und Wertsteigerung. Sie suchen interessante Anlageobjekte, eine engagierte Verwaltung oder planen Immobilien zu ver\u00e4u\u00dfern? Wir freuen uns darauf Sie kennenzulernen. \u00dcber uns UNSERE DREI S\u00c4ULEN Ein Einblick in unsere Spezialgebiete KAUFM\u00c4NNISCHE VERWALTUNGGewerbliche Immobilien bed\u00fcrfen einer umfassenden Expertise zur erfolgreichen Bewirtschaftung.&hellip;<\/p>\n","protected":false},"author":2,"featured_media":0,"parent":0,"menu_order":0,"comment_status":"closed","ping_status":"closed","template":"","meta":{"footnotes":""},"class_list":["post-56975","page","type-page","status-publish","hentry","description-off"],"_links":{"self":[{"href":"https:\/\/www.sw-gruppe.com\/de\/wp-json\/wp\/v2\/pages\/56975","targetHints":{"allow":["GET"]}}],"collection":[{"href":"https:\/\/www.sw-gruppe.com\/de\/wp-json\/wp\/v2\/pages"}],"about":[{"href":"https:\/\/www.sw-gruppe.com\/de\/wp-json\/wp\/v2\/types\/page"}],"author":[{"embeddable":true,"href":"https:\/\/www.sw-gruppe.com\/de\/wp-json\/wp\/v2\/users\/2"}],"replies":[{"embeddable":true,"href":"https:\/\/www.sw-gruppe.com\/de\/wp-json\/wp\/v2\/comments?post=56975"}],"version-history":[{"count":6,"href":"https:\/\/www.sw-gruppe.com\/de\/wp-json\/wp\/v2\/pages\/56975\/revisions"}],"predecessor-version":[{"id":57973,"href":"https:\/\/www.sw-gruppe.com\/de\/wp-json\/wp\/v2\/pages\/56975\/revisions\/57973"}],"wp:attachment":[{"href":"https:\/\/www.sw-gruppe.com\/de\/wp-json\/wp\/v2\/media?parent=56975"}],"curies":[{"name":"wp","href":"https:\/\/api.w.org\/{rel}","templated":true}]}}