{"id":57242,"date":"2022-01-11T08:58:20","date_gmt":"2022-01-11T08:58:20","guid":{"rendered":"https:\/\/www.sw-gruppe.com\/?page_id=57242"},"modified":"2024-03-21T12:02:19","modified_gmt":"2024-03-21T11:02:19","slug":"ueber-uns","status":"publish","type":"page","link":"https:\/\/www.sw-gruppe.com\/de\/ueber-uns\/","title":{"rendered":"\u00dcber Uns"},"content":{"rendered":"<div class=\"wpb-content-wrapper\"><div data-vc-full-width=\"true\" data-vc-full-width-temp=\"true\" data-vc-full-width-init=\"false\" class=\"vc_row wpb_row vc_row-fluid vc_row-o-content-top vc_row-flex\"><div class=\"wpb_column vc_column_container vc_col-sm-6\"><div class=\"vc_column-inner\"><div class=\"wpb_wrapper\">\n\t<div class=\"wpb_text_column wpb_content_element \" >\n\t\t<div class=\"wpb_wrapper\">\n\t\t\t<h1>SW GRUPPE &#8211;<br \/>\n<em>IMMOBILIEN SIND UNSERE WELT<br \/>\n<\/em><\/h1>\n<p>Die Sch\u00f6nwetter Firmengruppe ist eine inhabergef\u00fchrte Unternehmensgruppe f\u00fcr kundenspezifische Management- und Serviceleistungen rund um die gewerbliche Immobilie.<\/p>\n<p>Um unsere hohen Qualit\u00e4tsanspr\u00fcche auch in der Kundenbetreuung umzusetzen, f\u00fchren wir seit 1993 spezialisierte Tochtergesellschaften f\u00fcr das Property-, Asset- und Facility Management. So sind wir nahe an der Immobilie und k\u00f6nnen punktgenaue L\u00f6sungen verl\u00e4sslich gew\u00e4hrleisten.<\/p>\n<p>Wir bieten Ihnen professionelles Immobilienmanagement und nachhaltige Wertentwicklung von privat und gewerblich genutzten Immobilien sowie die Vermittlung, Begleitung und Durchf\u00fchrung von Transaktionen f\u00fcr B\u00fcro- und Gesch\u00e4ftsgeb\u00e4ude, Gewerbeeinheiten, Produktions- und Logistikobjekte unterschiedlicher Art und Gr\u00f6\u00dfe. Unser T\u00e4tigkeitsschwerpunkt liegt vorrangig in Berlin und im Berliner Umland, prinzipiell jedoch bundesweit und \u2013 mit Hilfe regionaler Partner \u2013 im benachbarten Ausland.<\/p>\n<p>Die SW Gruppe steht f\u00fcr seri\u00f6ses Immobilienmanagement und engagierte Kundenbetreuung auf hohem Niveau.<br \/>\nUm unsere Qualit\u00e4ts- und Leistungsstandards optimal realisieren zu k\u00f6nnen, betreuen wir unsere Kunden mit festen Ansprechpartnern und qualifizierten Mitarbeitern in eingespielten Teams.<\/p>\n<p>Zu unseren Kunden und Auftraggebern z\u00e4hlen neben privaten Investoren auch renommierte DAX-Unternehmen sowie NASDAQ-Unternehmen.<\/p>\n\n\t\t<\/div>\n\t<\/div>\n<\/div><\/div><\/div><div class=\"boxpadding wpb_column vc_column_container vc_col-sm-6\"><div class=\"vc_column-inner\"><div class=\"wpb_wrapper\">\n\t<div  class=\"wpb_single_image wpb_content_element vc_align_right\">\n\t\t\n\t\t<figure class=\"wpb_wrapper vc_figure\">\n\t\t\t<div class=\"vc_single_image-wrapper   vc_box_border_grey\"><img loading=\"lazy\" decoding=\"async\" width=\"674\" height=\"429\" src=\"https:\/\/www.sw-gruppe.com\/wp-content\/uploads\/2022\/07\/ueber_uns_2.jpg\" class=\"vc_single_image-img attachment-full\" alt=\"\" title=\"\u00dcber Uns\" srcset=\"https:\/\/www.sw-gruppe.com\/wp-content\/uploads\/2022\/07\/ueber_uns_2.jpg 674w, https:\/\/www.sw-gruppe.com\/wp-content\/uploads\/2022\/07\/ueber_uns_2-300x191.jpg 300w, https:\/\/www.sw-gruppe.com\/wp-content\/uploads\/2022\/07\/ueber_uns_2-18x12.jpg 18w\" sizes=\"auto, (max-width: 674px) 100vw, 674px\"  data-dt-location=\"https:\/\/www.sw-gruppe.com\/de\/ueber-uns\/ueber_uns_2\/\" \/><\/div>\n\t\t<\/figure>\n\t<\/div>\n<\/div><\/div><\/div><\/div><div class=\"vc_row-full-width vc_clearfix\"><\/div><div data-vc-full-width=\"true\" data-vc-full-width-temp=\"true\" data-vc-full-width-init=\"false\" data-vc-stretch-content=\"true\" class=\"vc_row wpb_row vc_row-fluid vc_custom_1646824293720 vc_row-has-fill vc_row-o-equal-height vc_row-flex\"><div class=\"wpb_column vc_column_container vc_col-sm-12\"><div class=\"vc_column-inner\"><div class=\"wpb_wrapper\">\n\t<div class=\"wpb_text_column wpb_content_element  vc_custom_1646319115150\" >\n\t\t<div class=\"wpb_wrapper\">\n\t\t\t<h2>UNSERE DREI S\u00c4ULEN<br \/>\n<em>Ein Einblick in unsere Spezialgebiete<\/em><\/h2>\n\n\t\t<\/div>\n\t<\/div>\n<\/div><\/div><\/div><div class=\"wpb_column vc_column_container vc_col-sm-4\"><div class=\"vc_column-inner\"><div class=\"wpb_wrapper\"><div class=\"flip-box-wrap\" tabindex=\"0\" style=\"margin-right:4px;margin-left:4px;\"><div class=\"flip-box ifb-auto-height box1 horizontal_flip_left flip-ifb-auto-height\" data-animation=\"\" data-animation-delay=\"03\" style=\"\" ><div class=\"ifb-flip-box\" id=\"flip-box-wrap-6132\"><div class=\"ifb-face ifb-front \" style=\"color:#333333;background:#efefef;  border-color:#A4A4A4; \">\n\t\t\t\t\t\t\t<div class=\"ifb-flip-box-section ifb-flip-box-section-vertical-middle\">\n\t\t\t\t\t\t\t<div class=\"flip-box-icon\"><div class=\"ult-just-icon-wrapper  \"><div class=\"align-icon\" style=\"text-align:center;\">\n<div class=\"aio-icon-img \" style=\"font-size:600px;display:inline-block;\" >\n\t<img decoding=\"async\" class=\"img-icon\" alt=\"null\" src=\"https:\/\/www.sw-gruppe.com\/wp-content\/uploads\/2022\/05\/verwaltung4.jpg\"\/>\n<\/div><\/div><\/div><\/div><\/div><\/div><!-- END .front -->\n\t\t\t\t\t\t<div class=\"ifb-face ifb-back\" style=\"color:#f4f4f4;color:#ffffff;  border-color:#A4A4A4; \">\n\t\t\t\t\t\t\t<div class=\"ifb-flip-box-section ifb-flip-box-section-vertical-middle\"><h3 class=\"ult-responsive flipbox_heading\"  data-ultimate-target='#flip-box-wrap-6132 .ult-responsive.flipbox_heading'  data-responsive-json-new='{\"font-size\":\"desktop:20px;\",\"line-height\":\"\"}'  style=\"color:#f4f4f4; font-family:&#039;Poppins&#039;;font-weight:normal;font-style:normal;\">KAUFM\u00c4NNISCHE VERWALTUNG<\/h3><div class=\"ifb-desc-back\"><div class=\"ifb-flip-box-section-content ult-responsive\"  data-ultimate-target='#flip-box-wrap-6132 .ifb-flip-box-section-content.ult-responsive'  data-responsive-json-new='{\"font-size\":\"desktop:16px;\",\"line-height\":\"\"}'  style=\"font-family:&#039;Poppins&#039;;font-weight:300;color:#f4f4f4;color:#ffffff;\"><p>Gewerbliche Immobilien bed\u00fcrfen einer umfassenden Expertise zur erfolgreichen Bewirtschaftung. Wir sorgen f\u00fcr langfristigen Werterhalt und neue Perspektiven.<\/p><\/div><\/div><div class=\"flip_link\"><a href=\"https:\/\/www.sw-gruppe.com\/kompetenz\/facility-management\/\" title=\"Home\"  >MEHR ERFAHREN<\/a><\/div><\/div><\/div><!-- END .back --><\/div> <!-- ifb-flip-box --><\/div> <!-- flip-box --><\/div><!-- End icon block --><div id=\"ultimate-heading-203869edfad1d08ee\" class=\"uvc-heading ult-adjust-bottom-margin ultimate-heading-203869edfad1d08ee uvc-9993  uvc-heading-default-font-sizes\" data-hspacer=\"no_spacer\"  data-halign=\"center\" style=\"text-align:center\"><div class=\"uvc-heading-spacer no_spacer\" style=\"top\"><\/div><div class=\"uvc-main-heading ult-responsive\"  data-ultimate-target='.uvc-heading.ultimate-heading-203869edfad1d08ee h4'  data-responsive-json-new='{\"font-size\":\"\",\"line-height\":\"\"}' ><h4 style=\"font-family:&#039;Poppins&#039;;--font-weight:theme;\">KAUFM\u00c4NNISCHE VERWALTUNG<\/h4><\/div><\/div><\/div><\/div><\/div><div class=\"wpb_column vc_column_container vc_col-sm-4\"><div class=\"vc_column-inner\"><div class=\"wpb_wrapper\"><div class=\"flip-box-wrap\" tabindex=\"0\" style=\"margin-right:4px;margin-left:4px;\"><div class=\"flip-box ifb-auto-height box1 horizontal_flip_left flip-ifb-auto-height\" data-animation=\"\" data-animation-delay=\"03\" style=\"\" ><div class=\"ifb-flip-box\" id=\"flip-box-wrap-3323\"><div class=\"ifb-face ifb-front \" style=\"color:#333333;background:#efefef;  border-color:#A4A4A4; \">\n\t\t\t\t\t\t\t<div class=\"ifb-flip-box-section ifb-flip-box-section-vertical-middle\">\n\t\t\t\t\t\t\t<div class=\"flip-box-icon\"><div class=\"ult-just-icon-wrapper  \"><div class=\"align-icon\" style=\"text-align:center;\">\n<div class=\"aio-icon-img \" style=\"font-size:600px;display:inline-block;\" >\n\t<img decoding=\"async\" class=\"img-icon\" alt=\"null\" src=\"https:\/\/www.sw-gruppe.com\/wp-content\/uploads\/2022\/05\/investment5.jpg\"\/>\n<\/div><\/div><\/div><\/div><\/div><\/div><!-- END .front -->\n\t\t\t\t\t\t<div class=\"ifb-face ifb-back\" style=\"color:#f4f4f4;color:#ffffff;  border-color:#A4A4A4; \">\n\t\t\t\t\t\t\t<div class=\"ifb-flip-box-section ifb-flip-box-section-vertical-middle\"><h3 class=\"ult-responsive flipbox_heading\"  data-ultimate-target='#flip-box-wrap-3323 .ult-responsive.flipbox_heading'  data-responsive-json-new='{\"font-size\":\"desktop:20px;\",\"line-height\":\"\"}'  style=\"color:#f4f4f4; font-family:&#039;Poppins&#039;;font-weight:normal;font-style:normal;\">INVESTMENT<\/h3><div class=\"ifb-desc-back\"><div class=\"ifb-flip-box-section-content ult-responsive\"  data-ultimate-target='#flip-box-wrap-3323 .ifb-flip-box-section-content.ult-responsive'  data-responsive-json-new='{\"font-size\":\"desktop:16px;\",\"line-height\":\"\"}'  style=\"font-family:&#039;Poppins&#039;;font-weight:300;color:#f4f4f4;color:#ffffff;\"><p>Objekte in 1a-Citylage, Logistik-Center am Stadtrand, Leuchtturmprojekte mit Potenzial \u2013 was lohnt wirklich? Ohne fundierte Marktkenntnisse geht nichts.<\/p><\/div><\/div><div class=\"flip_link\"><a href=\"https:\/\/www.sw-gruppe.com\/investment\/\" title=\"Home\"  >MEHR ERFAHREN<\/a><\/div><\/div><\/div><!-- END .back --><\/div> <!-- ifb-flip-box --><\/div> <!-- flip-box --><\/div><!-- End icon block --><div id=\"ultimate-heading-458569edfad1d1b47\" class=\"uvc-heading ult-adjust-bottom-margin ultimate-heading-458569edfad1d1b47 uvc-381  uvc-heading-default-font-sizes\" data-hspacer=\"no_spacer\"  data-halign=\"center\" style=\"text-align:center\"><div class=\"uvc-heading-spacer no_spacer\" style=\"top\"><\/div><div class=\"uvc-main-heading ult-responsive\"  data-ultimate-target='.uvc-heading.ultimate-heading-458569edfad1d1b47 h4'  data-responsive-json-new='{\"font-size\":\"\",\"line-height\":\"\"}' ><h4 style=\"font-family:&#039;Poppins&#039;;--font-weight:theme;\">INVESTMENT<\/h4><\/div><\/div><\/div><\/div><\/div><div class=\"wpb_column vc_column_container vc_col-sm-4\"><div class=\"vc_column-inner\"><div class=\"wpb_wrapper\"><div class=\"flip-box-wrap\" tabindex=\"0\" style=\"margin-right:4px;margin-left:4px;\"><div class=\"flip-box ifb-auto-height box1 horizontal_flip_left flip-ifb-auto-height\" data-animation=\"\" data-animation-delay=\"03\" style=\"\" ><div class=\"ifb-flip-box\" id=\"flip-box-wrap-9788\"><div class=\"ifb-face ifb-front \" style=\"color:#333333;background:#efefef;  border-color:#A4A4A4; \">\n\t\t\t\t\t\t\t<div class=\"ifb-flip-box-section ifb-flip-box-section-vertical-middle\">\n\t\t\t\t\t\t\t<div class=\"flip-box-icon\"><div class=\"ult-just-icon-wrapper  \"><div class=\"align-icon\" style=\"text-align:center;\">\n<div class=\"aio-icon-img \" style=\"font-size:600px;display:inline-block;\" >\n\t<img decoding=\"async\" class=\"img-icon\" alt=\"null\" src=\"https:\/\/www.sw-gruppe.com\/wp-content\/uploads\/2022\/05\/fm.jpg\"\/>\n<\/div><\/div><\/div><\/div><\/div><\/div><!-- END .front -->\n\t\t\t\t\t\t<div class=\"ifb-face ifb-back\" style=\"color:#ffffff;  border-color:#A4A4A4; \">\n\t\t\t\t\t\t\t<div class=\"ifb-flip-box-section ifb-flip-box-section-vertical-middle\"><h3 class=\"ult-responsive flipbox_heading\"  data-ultimate-target='#flip-box-wrap-9788 .ult-responsive.flipbox_heading'  data-responsive-json-new='{\"font-size\":\"\",\"line-height\":\"\"}'  style=\"color:#ffffff; font-family:&#039;Poppins&#039;;font-weight:500;\">FACILITY MANAGEMENT<\/h3><div class=\"ifb-desc-back\"><div class=\"ifb-flip-box-section-content ult-responsive\"  data-ultimate-target='#flip-box-wrap-9788 .ifb-flip-box-section-content.ult-responsive'  data-responsive-json-new='{\"font-size\":\"desktop:16px;\",\"line-height\":\"\"}'  style=\"font-family:&#039;Poppins&#039;;color:#ffffff;\"><p>Ver- und Entsorgung, W\u00e4rme, Strom, IT \u2013 sowohl die technischen als auch die rechtlichen Anforderungen steigen. Wir halten die Geb\u00e4udetechnik auf dem neuesten Stand.<\/p><\/div><\/div><div class=\"flip_link\"><a href=\"https:\/\/www.sw-gruppe.com\/facility-management\/\" title=\"Home\"  >MEHR ERFAHREN<\/a><\/div><\/div><\/div><!-- END .back --><\/div> <!-- ifb-flip-box --><\/div> <!-- flip-box --><\/div><!-- End icon block --><div id=\"ultimate-heading-629069edfad1d2c7e\" class=\"uvc-heading ult-adjust-bottom-margin ultimate-heading-629069edfad1d2c7e uvc-6932  uvc-heading-default-font-sizes\" data-hspacer=\"no_spacer\"  data-halign=\"center\" style=\"text-align:center\"><div class=\"uvc-heading-spacer no_spacer\" style=\"top\"><\/div><div class=\"uvc-main-heading ult-responsive\"  data-ultimate-target='.uvc-heading.ultimate-heading-629069edfad1d2c7e h4'  data-responsive-json-new='{\"font-size\":\"\",\"line-height\":\"\"}' ><h4 style=\"font-family:&#039;Poppins&#039;;--font-weight:theme;\">FACILITY MANAGEMENT<\/h4><\/div><\/div><\/div><\/div><\/div><\/div><div class=\"vc_row-full-width vc_clearfix\"><\/div>\n<\/div>","protected":false},"excerpt":{"rendered":"<p>SW GRUPPE &#8211; IMMOBILIEN SIND UNSERE WELT Die Sch\u00f6nwetter Firmengruppe ist eine inhabergef\u00fchrte Unternehmensgruppe f\u00fcr kundenspezifische Management- und Serviceleistungen rund um die gewerbliche Immobilie. Um unsere hohen Qualit\u00e4tsanspr\u00fcche auch in der Kundenbetreuung umzusetzen, f\u00fchren wir seit 1993 spezialisierte Tochtergesellschaften f\u00fcr das Property-, Asset- und Facility Management. So sind wir nahe an der Immobilie und k\u00f6nnen&hellip;<\/p>\n","protected":false},"author":2,"featured_media":0,"parent":0,"menu_order":0,"comment_status":"closed","ping_status":"closed","template":"","meta":{"footnotes":""},"class_list":["post-57242","page","type-page","status-publish","hentry","description-off"],"_links":{"self":[{"href":"https:\/\/www.sw-gruppe.com\/de\/wp-json\/wp\/v2\/pages\/57242","targetHints":{"allow":["GET"]}}],"collection":[{"href":"https:\/\/www.sw-gruppe.com\/de\/wp-json\/wp\/v2\/pages"}],"about":[{"href":"https:\/\/www.sw-gruppe.com\/de\/wp-json\/wp\/v2\/types\/page"}],"author":[{"embeddable":true,"href":"https:\/\/www.sw-gruppe.com\/de\/wp-json\/wp\/v2\/users\/2"}],"replies":[{"embeddable":true,"href":"https:\/\/www.sw-gruppe.com\/de\/wp-json\/wp\/v2\/comments?post=57242"}],"version-history":[{"count":8,"href":"https:\/\/www.sw-gruppe.com\/de\/wp-json\/wp\/v2\/pages\/57242\/revisions"}],"predecessor-version":[{"id":57977,"href":"https:\/\/www.sw-gruppe.com\/de\/wp-json\/wp\/v2\/pages\/57242\/revisions\/57977"}],"wp:attachment":[{"href":"https:\/\/www.sw-gruppe.com\/de\/wp-json\/wp\/v2\/media?parent=57242"}],"curies":[{"name":"wp","href":"https:\/\/api.w.org\/{rel}","templated":true}]}}