{"id":57244,"date":"2022-01-11T08:58:45","date_gmt":"2022-01-11T08:58:45","guid":{"rendered":"https:\/\/www.sw-gruppe.com\/?page_id=57244"},"modified":"2022-07-18T09:46:00","modified_gmt":"2022-07-18T07:46:00","slug":"kompetenz","status":"publish","type":"page","link":"https:\/\/www.sw-gruppe.com\/de\/kompetenz\/","title":{"rendered":"Kompetenz"},"content":{"rendered":"<div class=\"wpb-content-wrapper\"><div data-vc-full-width=\"true\" data-vc-full-width-temp=\"true\" data-vc-full-width-init=\"false\" class=\"vc_row wpb_row vc_row-fluid\"><div class=\"wpb_column vc_column_container vc_col-sm-6\"><div class=\"vc_column-inner\"><div class=\"wpb_wrapper\">\n\t<div class=\"wpb_text_column wpb_content_element \" >\n\t\t<div class=\"wpb_wrapper\">\n\t\t\t<h1>FACILITY MANAGEMENT &#8211;<br \/>\n<em>AUCH IN TECHNISCHEN FRAGEN BESTENS AUFGESTELLT<\/em><\/h1>\n<p>Technische Geb\u00e4udeausstattung und Infrastruktur unterliegen naturgem\u00e4\u00df fortw\u00e4hrender Ver\u00e4nderungen. Allein schon im Energiesektor sind zunehmend sch\u00e4rfere Auflagen zu erf\u00fcllen. Die rasante Entwicklung moderner Kommunikationstechnologien, Steuerungstechnik und Assistenzsysteme bringt zus\u00e4tzlich Dynamik ins Spiel. Entsprechend top aktuell und top qualifiziert ist daher das Facility Management Team der SW Gruppe.<\/p>\n<p>Ob hochfrequentiertes Logistikzentrum, Megab\u00fcroturm oder Gewerbehof mit Industrie 4.0 Standard: Wir k\u00fcmmern uns um zuverl\u00e4ssige Versorgungsleistungen, optimale Verbrauchswerte und effizientes Wartungs- und Instandhaltungsmanagement. Je nach Objekt und Anforderungen. Die Ausf\u00fchrung von Kleinreparaturen geh\u00f6rt ebenso zum Repertoire wie turnusgem\u00e4\u00dfe Leerstandkontrollen oder die Planung und Umsetzung bzw. \u00dcberwachung von Sanierungsprojekten.<\/p>\n<p>In Spezialf\u00e4llen k\u00f6nnen wir Anlagentechniker und IT-Experten aus unserem Partnernetzwerk hinzuziehen.<\/p>\n\n\t\t<\/div>\n\t<\/div>\n<\/div><\/div><\/div><div class=\"wpb_column vc_column_container vc_col-sm-6\"><div class=\"vc_column-inner vc_custom_1646843817091\"><div class=\"wpb_wrapper\"><style type=\"text\/css\" data-type=\"the7_shortcodes-inline-css\">.shortcode-single-image-wrap.shortcode-single-image-b67f2ebf2fa2ee292129e41b5d244191.enable-bg-rollover .rollover i,\n.shortcode-single-image-wrap.shortcode-single-image-b67f2ebf2fa2ee292129e41b5d244191.enable-bg-rollover .rollover-video i {\n  background: -webkit-linear-gradient();\n  background: linear-gradient();\n}\n.shortcode-single-image-wrap.shortcode-single-image-b67f2ebf2fa2ee292129e41b5d244191 .rollover-icon {\n  font-size: 32px;\n  color: #ffffff;\n  min-width: 44px;\n  min-height: 44px;\n  line-height: 44px;\n  border-radius: 100px;\n  border-style: solid;\n  border-width: 0px;\n}\n.dt-icon-bg-on.shortcode-single-image-wrap.shortcode-single-image-b67f2ebf2fa2ee292129e41b5d244191 .rollover-icon {\n  background: rgba(255,255,255,0.3);\n  box-shadow: none;\n}<\/style><div class=\"shortcode-single-image-wrap shortcode-single-image-b67f2ebf2fa2ee292129e41b5d244191 alignleft  vc_custom_1646319727551 enable-bg-rollover dt-icon-bg-off\" ><div class=\"shortcode-single-image\"><div class=\"fancy-media-wrap  layzr-bg\" style=\"\"><img fetchpriority=\"high\" decoding=\"async\" class=\"preload-me lazy-load aspect\" src=\"data:image\/svg+xml,%3Csvg%20xmlns%3D&#39;http%3A%2F%2Fwww.w3.org%2F2000%2Fsvg&#39;%20viewBox%3D&#39;0%200%20674%20457&#39;%2F%3E\" data-src=\"https:\/\/www.sw-gruppe.com\/wp-content\/uploads\/2022\/01\/AdobeStock_429966727_Preview.png\" data-srcset=\"https:\/\/www.sw-gruppe.com\/wp-content\/uploads\/2022\/01\/AdobeStock_429966727_Preview.png 674w\" loading=\"eager\" sizes=\"(max-width: 674px) 100vw, 674px\" width=\"674\" height=\"457\"  data-dt-location=\"https:\/\/www.sw-gruppe.com\/de\/home\/adobestock_429966727_preview\/\" style=\"--ratio: 674 \/ 457;\" alt=\"\" \/><\/div><\/div><\/div><style type=\"text\/css\" data-type=\"the7_shortcodes-inline-css\">.shortcode-single-image-wrap.shortcode-single-image-eb9015e670138581559049486ce03b39.enable-bg-rollover .rollover i,\n.shortcode-single-image-wrap.shortcode-single-image-eb9015e670138581559049486ce03b39.enable-bg-rollover .rollover-video i {\n  background: -webkit-linear-gradient();\n  background: linear-gradient();\n}\n.shortcode-single-image-wrap.shortcode-single-image-eb9015e670138581559049486ce03b39 .rollover-icon {\n  font-size: 32px;\n  color: #ffffff;\n  min-width: 44px;\n  min-height: 44px;\n  line-height: 44px;\n  border-radius: 100px;\n  border-style: solid;\n  border-width: 0px;\n}\n.dt-icon-bg-on.shortcode-single-image-wrap.shortcode-single-image-eb9015e670138581559049486ce03b39 .rollover-icon {\n  background: rgba(255,255,255,0.3);\n  box-shadow: none;\n}<\/style><div class=\"shortcode-single-image-wrap shortcode-single-image-eb9015e670138581559049486ce03b39 alignleft  enable-bg-rollover dt-icon-bg-off\" style=\"margin-top:0px; margin-bottom:0px; margin-left:0px; margin-right:0px;\"><div class=\"shortcode-single-image\"><div class=\"fancy-media-wrap  layzr-bg\" style=\"\"><img fetchpriority=\"high\" decoding=\"async\" class=\"preload-me lazy-load aspect\" src=\"data:image\/svg+xml,%3Csvg%20xmlns%3D&#39;http%3A%2F%2Fwww.w3.org%2F2000%2Fsvg&#39;%20viewBox%3D&#39;0%200%20674%20457&#39;%2F%3E\" data-src=\"https:\/\/www.sw-gruppe.com\/wp-content\/uploads\/2022\/01\/AdobeStock_429966727_Preview.png\" data-srcset=\"https:\/\/www.sw-gruppe.com\/wp-content\/uploads\/2022\/01\/AdobeStock_429966727_Preview.png 674w\" loading=\"eager\" sizes=\"(max-width: 674px) 100vw, 674px\" width=\"674\" height=\"457\"  data-dt-location=\"https:\/\/www.sw-gruppe.com\/de\/home\/adobestock_429966727_preview\/\" style=\"--ratio: 674 \/ 457;\" alt=\"\" \/><\/div><\/div><\/div><\/div><\/div><\/div><\/div><div class=\"vc_row-full-width vc_clearfix\"><\/div><div data-vc-full-width=\"true\" data-vc-full-width-temp=\"true\" data-vc-full-width-init=\"false\" data-vc-stretch-content=\"true\" class=\"vc_row wpb_row vc_row-fluid vc_custom_1646824293720 vc_row-has-fill vc_row-o-equal-height vc_row-flex\"><div class=\"wpb_column vc_column_container vc_col-sm-12\"><div class=\"vc_column-inner\"><div class=\"wpb_wrapper\">\n\t<div class=\"wpb_text_column wpb_content_element  vc_custom_1646319115150\" >\n\t\t<div class=\"wpb_wrapper\">\n\t\t\t<h2>OB B\u00dcROGEB\u00c4UDE, GEWERBEH\u00d6FE ODER LOGISTIKZENTREN \u2013 WIR SORGEN F\u00dcR WERTERHALT UND GUTE PERSPEKTIVEN.<br \/>\n<em>Ein Einblick in unsere Spezialgebiete<\/em><\/h2>\n\n\t\t<\/div>\n\t<\/div>\n<\/div><\/div><\/div><div class=\"wpb_column vc_column_container vc_col-sm-4\"><div class=\"vc_column-inner\"><div class=\"wpb_wrapper\"><div class=\"flip-box-wrap\" tabindex=\"0\" style=\"margin-right:4px;margin-left:4px;\"><div class=\"flip-box ifb-auto-height box1 horizontal_flip_left flip-ifb-auto-height\" data-animation=\"\" data-animation-delay=\"03\" style=\"\" ><div class=\"ifb-flip-box\" id=\"flip-box-wrap-9061\"><div class=\"ifb-face ifb-front \" style=\"color:#333333;background:#efefef;  border-color:#A4A4A4; \">\n\t\t\t\t\t\t\t<div class=\"ifb-flip-box-section ifb-flip-box-section-vertical-middle\">\n\t\t\t\t\t\t\t<div class=\"flip-box-icon\"><div class=\"ult-just-icon-wrapper  \"><div class=\"align-icon\" style=\"text-align:center;\">\n<div class=\"aio-icon-img \" style=\"font-size:600px;display:inline-block;\" >\n\t<img decoding=\"async\" class=\"img-icon\" alt=\"null\" src=\"https:\/\/www.sw-gruppe.com\/wp-content\/uploads\/2022\/01\/AdobeStock_429966727_Preview.png\"\/>\n<\/div><\/div><\/div><\/div><\/div><\/div><!-- END .front -->\n\t\t\t\t\t\t<div class=\"ifb-face ifb-back\" style=\"color:#f4f4f4;color:#ffffff;  border-color:#A4A4A4; \">\n\t\t\t\t\t\t\t<div class=\"ifb-flip-box-section ifb-flip-box-section-vertical-middle\"><p class=\"ult-responsive flipbox_heading\"  data-ultimate-target='#flip-box-wrap-9061 .ult-responsive.flipbox_heading'  data-responsive-json-new='{\"font-size\":\"\",\"line-height\":\"\"}'  style=\"color:#f4f4f4; font-family:&#039;Poppins&#039;;\">KAUFM\u00c4NNISCHE VERWALTUNG<\/p><div class=\"ifb-desc-back\"><div class=\"ifb-flip-box-section-content ult-responsive\"  data-ultimate-target='#flip-box-wrap-9061 .ifb-flip-box-section-content.ult-responsive'  data-responsive-json-new='{\"font-size\":\"desktop:16px;\",\"line-height\":\"\"}'  style=\"font-family:&#039;Poppins&#039;;color:#f4f4f4;color:#ffffff;\"><p>Gewerbliche Immobilien bed\u00fcrfen einer umfassenden Expertise zur erfolgreichen Bewirtschaftung. Wir sorgen f\u00fcr langfristigen Werterhalt und neue Perspektiven.<\/p><\/div><\/div><div class=\"flip_link\"><a href=\"https:\/\/www.sw-gruppe.com\/kompetenz\/kaufmaennische-verwaltung\/\"  >MEHR ERFAHREN<\/a><\/div><\/div><\/div><!-- END .back --><\/div> <!-- ifb-flip-box --><\/div> <!-- flip-box --><\/div><!-- End icon block --><div id=\"ultimate-heading-312369ee121545831\" class=\"uvc-heading ult-adjust-bottom-margin ultimate-heading-312369ee121545831 uvc-1353  uvc-heading-default-font-sizes\" data-hspacer=\"no_spacer\"  data-halign=\"center\" style=\"text-align:center\"><div class=\"uvc-heading-spacer no_spacer\" style=\"top\"><\/div><div class=\"uvc-main-heading ult-responsive\"  data-ultimate-target='.uvc-heading.ultimate-heading-312369ee121545831 h4'  data-responsive-json-new='{\"font-size\":\"\",\"line-height\":\"\"}' ><h4 style=\"font-family:&#039;Poppins&#039;;--font-weight:theme;\">KAUFM\u00c4NNISCHE VERWALTUNG<\/h4><\/div><\/div><\/div><\/div><\/div><div class=\"wpb_column vc_column_container vc_col-sm-4\"><div class=\"vc_column-inner\"><div class=\"wpb_wrapper\"><div class=\"flip-box-wrap\" tabindex=\"0\" style=\"margin-right:4px;margin-left:4px;\"><div class=\"flip-box ifb-auto-height box1 horizontal_flip_left flip-ifb-auto-height\" data-animation=\"\" data-animation-delay=\"03\" style=\"\" ><div class=\"ifb-flip-box\" id=\"flip-box-wrap-9621\"><div class=\"ifb-face ifb-front \" style=\"color:#333333;background:#efefef;  border-color:#A4A4A4; \">\n\t\t\t\t\t\t\t<div class=\"ifb-flip-box-section ifb-flip-box-section-vertical-middle\">\n\t\t\t\t\t\t\t<div class=\"flip-box-icon\"><div class=\"ult-just-icon-wrapper  \"><div class=\"align-icon\" style=\"text-align:center;\">\n<div class=\"aio-icon-img \" style=\"font-size:600px;display:inline-block;\" >\n\t<img decoding=\"async\" class=\"img-icon\" alt=\"null\" src=\"https:\/\/www.sw-gruppe.com\/wp-content\/uploads\/2022\/01\/AdobeStock_429966727_Preview.png\"\/>\n<\/div><\/div><\/div><\/div><\/div><\/div><!-- END .front -->\n\t\t\t\t\t\t<div class=\"ifb-face ifb-back\" style=\"color:#f4f4f4;color:#ffffff;  border-color:#A4A4A4; \">\n\t\t\t\t\t\t\t<div class=\"ifb-flip-box-section ifb-flip-box-section-vertical-middle\"><h3 class=\"ult-responsive flipbox_heading\"  data-ultimate-target='#flip-box-wrap-9621 .ult-responsive.flipbox_heading'  data-responsive-json-new='{\"font-size\":\"\",\"line-height\":\"\"}'  style=\"color:#f4f4f4; font-family:&#039;Poppins&#039;;\">INVESTMENT<\/h3><div class=\"ifb-desc-back\"><div class=\"ifb-flip-box-section-content ult-responsive\"  data-ultimate-target='#flip-box-wrap-9621 .ifb-flip-box-section-content.ult-responsive'  data-responsive-json-new='{\"font-size\":\"desktop:16px;\",\"line-height\":\"\"}'  style=\"font-family:&#039;Poppins&#039;;color:#f4f4f4;color:#ffffff;\"><p>Objekte in 1a-Citylage, Logistik-Center am Stadtrand, Leuchtturmprojekte mit Potenzial \u2013 was lohnt wirklich? Ohne fundierte Marktkenntnisse geht nichts.<\/p><\/div><\/div><div class=\"flip_link\"><a href=\"https:\/\/www.sw-gruppe.com\/kompetenz\/investment\/\"  >MEHR ERFAHREN<\/a><\/div><\/div><\/div><!-- END .back --><\/div> <!-- ifb-flip-box --><\/div> <!-- flip-box --><\/div><!-- End icon block --><div id=\"ultimate-heading-951969ee121545c0e\" class=\"uvc-heading ult-adjust-bottom-margin ultimate-heading-951969ee121545c0e uvc-751  uvc-heading-default-font-sizes\" data-hspacer=\"no_spacer\"  data-halign=\"center\" style=\"text-align:center\"><div class=\"uvc-heading-spacer no_spacer\" style=\"top\"><\/div><div class=\"uvc-main-heading ult-responsive\"  data-ultimate-target='.uvc-heading.ultimate-heading-951969ee121545c0e h4'  data-responsive-json-new='{\"font-size\":\"\",\"line-height\":\"\"}' ><h4 style=\"font-family:&#039;Poppins&#039;;--font-weight:theme;\">INVESTMENT<\/h4><\/div><\/div><\/div><\/div><\/div><div class=\"facility wpb_column vc_column_container vc_col-sm-4\"><div class=\"vc_column-inner\"><div class=\"wpb_wrapper\"><div class=\"flip-box-wrap\" tabindex=\"0\" style=\"margin-right:4px;margin-left:4px;\"><div class=\"flip-box ifb-auto-height box1 horizontal_flip_left flip-ifb-auto-height\" data-animation=\"\" data-animation-delay=\"03\" style=\"\" ><div class=\"ifb-flip-box\" id=\"flip-box-wrap-8816\"><div class=\"ifb-face ifb-front \" style=\"color:#333333;background:#efefef;  border-color:#A4A4A4; \">\n\t\t\t\t\t\t\t<div class=\"ifb-flip-box-section ifb-flip-box-section-vertical-middle\">\n\t\t\t\t\t\t\t<div class=\"flip-box-icon\"><div class=\"ult-just-icon-wrapper  \"><div class=\"align-icon\" style=\"text-align:center;\">\n<div class=\"aio-icon-img \" style=\"font-size:600px;display:inline-block;\" >\n\t<img decoding=\"async\" class=\"img-icon\" alt=\"null\" src=\"https:\/\/www.sw-gruppe.com\/wp-content\/uploads\/2022\/01\/AdobeStock_429966727_Preview.png\"\/>\n<\/div><\/div><\/div><\/div><\/div><\/div><!-- END .front -->\n\t\t\t\t\t\t<div class=\"ifb-face ifb-back\" style=\"color:#f4f4f4;color:#ffffff;  border-color:#A4A4A4; \">\n\t\t\t\t\t\t\t<div class=\"ifb-flip-box-section ifb-flip-box-section-vertical-middle\"><h3 class=\"ult-responsive flipbox_heading\"  data-ultimate-target='#flip-box-wrap-8816 .ult-responsive.flipbox_heading'  data-responsive-json-new='{\"font-size\":\"\",\"line-height\":\"\"}'  style=\"color:#f4f4f4; font-family:&#039;Poppins&#039;;\">FACILITY MANAGEMENT<\/h3><div class=\"ifb-desc-back\"><div class=\"ifb-flip-box-section-content ult-responsive\"  data-ultimate-target='#flip-box-wrap-8816 .ifb-flip-box-section-content.ult-responsive'  data-responsive-json-new='{\"font-size\":\"desktop:16px;\",\"line-height\":\"\"}'  style=\"font-family:&#039;Poppins&#039;;color:#f4f4f4;color:#ffffff;\"><p>Ver- und Entsorgung, W\u00e4rme, Strom, IT \u2013 sowohl die technischen als auch die rechtlichen Anforderungen steigen. Wir halten die Geb\u00e4udetechnik auf dem neuesten Stand.<\/p><\/div><\/div><div class=\"flip_link\"><a href=\"https:\/\/www.sw-gruppe.com\/kompetenz\/facility-management\/\"  >MEHR ERFAHREN<\/a><\/div><\/div><\/div><!-- END .back --><\/div> <!-- ifb-flip-box --><\/div> <!-- flip-box --><\/div><!-- End icon block --><div id=\"ultimate-heading-498969ee121545fc5\" class=\"uvc-heading ult-adjust-bottom-margin ultimate-heading-498969ee121545fc5 uvc-4343  uvc-heading-default-font-sizes\" data-hspacer=\"no_spacer\"  data-halign=\"center\" style=\"text-align:center\"><div class=\"uvc-heading-spacer no_spacer\" style=\"top\"><\/div><div class=\"uvc-main-heading ult-responsive\"  data-ultimate-target='.uvc-heading.ultimate-heading-498969ee121545fc5 h4'  data-responsive-json-new='{\"font-size\":\"\",\"line-height\":\"\"}' ><h4 style=\"font-family:&#039;Poppins&#039;;--font-weight:theme;\">FACILITY MANAGEMENT<\/h4><\/div><\/div><\/div><\/div><\/div><\/div><div class=\"vc_row-full-width vc_clearfix\"><\/div>\n<\/div>","protected":false},"excerpt":{"rendered":"<p>FACILITY MANAGEMENT &#8211; AUCH IN TECHNISCHEN FRAGEN BESTENS AUFGESTELLT Technische Geb\u00e4udeausstattung und Infrastruktur unterliegen naturgem\u00e4\u00df fortw\u00e4hrender Ver\u00e4nderungen. Allein schon im Energiesektor sind zunehmend sch\u00e4rfere Auflagen zu erf\u00fcllen. Die rasante Entwicklung moderner Kommunikationstechnologien, Steuerungstechnik und Assistenzsysteme bringt zus\u00e4tzlich Dynamik ins Spiel. Entsprechend top aktuell und top qualifiziert ist daher das Facility Management Team der SW Gruppe.&hellip;<\/p>\n","protected":false},"author":2,"featured_media":0,"parent":0,"menu_order":0,"comment_status":"closed","ping_status":"closed","template":"","meta":{"footnotes":""},"class_list":["post-57244","page","type-page","status-publish","hentry","description-off"],"_links":{"self":[{"href":"https:\/\/www.sw-gruppe.com\/de\/wp-json\/wp\/v2\/pages\/57244","targetHints":{"allow":["GET"]}}],"collection":[{"href":"https:\/\/www.sw-gruppe.com\/de\/wp-json\/wp\/v2\/pages"}],"about":[{"href":"https:\/\/www.sw-gruppe.com\/de\/wp-json\/wp\/v2\/types\/page"}],"author":[{"embeddable":true,"href":"https:\/\/www.sw-gruppe.com\/de\/wp-json\/wp\/v2\/users\/2"}],"replies":[{"embeddable":true,"href":"https:\/\/www.sw-gruppe.com\/de\/wp-json\/wp\/v2\/comments?post=57244"}],"version-history":[{"count":5,"href":"https:\/\/www.sw-gruppe.com\/de\/wp-json\/wp\/v2\/pages\/57244\/revisions"}],"predecessor-version":[{"id":57888,"href":"https:\/\/www.sw-gruppe.com\/de\/wp-json\/wp\/v2\/pages\/57244\/revisions\/57888"}],"wp:attachment":[{"href":"https:\/\/www.sw-gruppe.com\/de\/wp-json\/wp\/v2\/media?parent=57244"}],"curies":[{"name":"wp","href":"https:\/\/api.w.org\/{rel}","templated":true}]}}