{"id":57246,"date":"2022-01-11T08:59:07","date_gmt":"2022-01-11T08:59:07","guid":{"rendered":"https:\/\/www.sw-gruppe.com\/?page_id=57246"},"modified":"2024-03-21T12:07:46","modified_gmt":"2024-03-21T11:07:46","slug":"kontakt","status":"publish","type":"page","link":"https:\/\/www.sw-gruppe.com\/de\/kontakt\/","title":{"rendered":"Kontakt"},"content":{"rendered":"<div class=\"wpb-content-wrapper\"><div style=\"min-height: 100%\" data-vc-full-width=\"true\" data-vc-full-width-temp=\"true\" data-vc-full-width-init=\"false\" class=\"vc_row wpb_row vc_row-fluid vc_custom_1657880195081 vc_row-o-full-height vc_row-o-columns-middle vc_row-flex\"><div class=\"wpb_column vc_column_container vc_col-sm-6\"><div class=\"vc_column-inner\"><div class=\"wpb_wrapper\">\n\t<div class=\"wpb_text_column wpb_content_element \" >\n\t\t<div class=\"wpb_wrapper\">\n\t\t\t<h1>SW GRUPPE &#8211;<br \/>\n<em>IMMOBILIEN SIND UNSERE WELT<br \/>\n<\/em><\/h1>\n<p>Erfolgreiche Immobilienprofis schaffen den Spagat zwischen Investition, Rendite und Wertsteigerung. Sie suchen interessante Anlageobjekte, eine engagierte Verwaltung oder planen Immobilien zu ver\u00e4u\u00dfern? Wir freuen uns darauf Sie kennenzulernen.<\/p>\n<p>&nbsp;<\/p>\n<p><strong>Festnetz:<\/strong> +49 30 &#8211; 20670797<br \/>\nErreichbar: Mo &#8211; Fr von\u00a0 8-18 Uhr<\/p>\n<p><strong>Mail: <\/strong><a href=\"mailto:info@sw-gruppe.com\">info@sw-gruppe.com<\/a><\/p>\n<p><strong>Anschrift:<\/strong><br \/>\nBouch\u00e9h\u00f6fe<br \/>\nBouch\u00e9stra\u00dfe 12 | 12435 Berlin<\/p>\n\n\t\t<\/div>\n\t<\/div>\n<\/div><\/div><\/div><div class=\"boxpadding wpb_column vc_column_container vc_col-sm-6\"><div class=\"vc_column-inner\"><div class=\"wpb_wrapper\">\n\t<div  class=\"wpb_single_image wpb_content_element vc_align_right\">\n\t\t\n\t\t<figure class=\"wpb_wrapper vc_figure\">\n\t\t\t<div class=\"vc_single_image-wrapper   vc_box_border_grey\"><img loading=\"lazy\" decoding=\"async\" width=\"674\" height=\"429\" src=\"https:\/\/www.sw-gruppe.com\/wp-content\/uploads\/2022\/07\/ueber_uns.jpg\" class=\"vc_single_image-img attachment-full\" alt=\"\" title=\"IMMOBILIEN SIND UNSERE WELT\" srcset=\"https:\/\/www.sw-gruppe.com\/wp-content\/uploads\/2022\/07\/ueber_uns.jpg 674w, https:\/\/www.sw-gruppe.com\/wp-content\/uploads\/2022\/07\/ueber_uns-300x191.jpg 300w, https:\/\/www.sw-gruppe.com\/wp-content\/uploads\/2022\/07\/ueber_uns-18x12.jpg 18w\" sizes=\"auto, (max-width: 674px) 100vw, 674px\"  data-dt-location=\"https:\/\/www.sw-gruppe.com\/de\/home\/ueber_uns-2\/\" \/><\/div>\n\t\t<\/figure>\n\t<\/div>\n<\/div><\/div><\/div><\/div><div class=\"vc_row-full-width vc_clearfix\"><\/div>\n<\/div>","protected":false},"excerpt":{"rendered":"<p>SW GRUPPE &#8211; IMMOBILIEN SIND UNSERE WELT Erfolgreiche Immobilienprofis schaffen den Spagat zwischen Investition, Rendite und Wertsteigerung. Sie suchen interessante Anlageobjekte, eine engagierte Verwaltung oder planen Immobilien zu ver\u00e4u\u00dfern? Wir freuen uns darauf Sie kennenzulernen. &nbsp; Festnetz: +49 30 &#8211; 20670797 Erreichbar: Mo &#8211; Fr von\u00a0 8-18 Uhr Mail: info@sw-gruppe.com Anschrift: Bouch\u00e9h\u00f6fe Bouch\u00e9stra\u00dfe 12 |&hellip;<\/p>\n","protected":false},"author":2,"featured_media":0,"parent":0,"menu_order":0,"comment_status":"closed","ping_status":"closed","template":"","meta":{"footnotes":""},"class_list":["post-57246","page","type-page","status-publish","hentry","description-off"],"_links":{"self":[{"href":"https:\/\/www.sw-gruppe.com\/de\/wp-json\/wp\/v2\/pages\/57246","targetHints":{"allow":["GET"]}}],"collection":[{"href":"https:\/\/www.sw-gruppe.com\/de\/wp-json\/wp\/v2\/pages"}],"about":[{"href":"https:\/\/www.sw-gruppe.com\/de\/wp-json\/wp\/v2\/types\/page"}],"author":[{"embeddable":true,"href":"https:\/\/www.sw-gruppe.com\/de\/wp-json\/wp\/v2\/users\/2"}],"replies":[{"embeddable":true,"href":"https:\/\/www.sw-gruppe.com\/de\/wp-json\/wp\/v2\/comments?post=57246"}],"version-history":[{"count":7,"href":"https:\/\/www.sw-gruppe.com\/de\/wp-json\/wp\/v2\/pages\/57246\/revisions"}],"predecessor-version":[{"id":57982,"href":"https:\/\/www.sw-gruppe.com\/de\/wp-json\/wp\/v2\/pages\/57246\/revisions\/57982"}],"wp:attachment":[{"href":"https:\/\/www.sw-gruppe.com\/de\/wp-json\/wp\/v2\/media?parent=57246"}],"curies":[{"name":"wp","href":"https:\/\/api.w.org\/{rel}","templated":true}]}}