{"id":57286,"date":"2022-01-11T10:14:07","date_gmt":"2022-01-11T10:14:07","guid":{"rendered":"https:\/\/www.sw-gruppe.com\/?page_id=57286"},"modified":"2024-03-21T12:01:36","modified_gmt":"2024-03-21T11:01:36","slug":"kaufmaennische-verwaltung","status":"publish","type":"page","link":"https:\/\/www.sw-gruppe.com\/de\/kompetenz\/kaufmaennische-verwaltung\/","title":{"rendered":"Kaufm\u00e4nnische Verwaltung"},"content":{"rendered":"<div class=\"wpb-content-wrapper\"><div data-vc-full-width=\"true\" data-vc-full-width-temp=\"true\" data-vc-full-width-init=\"false\" class=\"vc_row wpb_row vc_row-fluid vc_row-o-content-top vc_row-flex\"><div class=\"wpb_column vc_column_container vc_col-sm-6\"><div class=\"vc_column-inner\"><div class=\"wpb_wrapper\">\n\t<div class=\"wpb_text_column wpb_content_element \" >\n\t\t<div class=\"wpb_wrapper\">\n\t\t\t<h1>KAUFM\u00c4NNISCHE VERWALTUNG<em><br \/>\nKONSTANTE WERTSCH\u00d6PFUNG UND NACHHALTIGE ENTWICKLUNG<br \/>\n<\/em><\/h1>\n<p>Die Aufgaben des modernen Immobilienmanagements reichen weit \u00fcber effiziente Abl\u00e4ufe zur kaufm\u00e4nnischen Verwaltung hinaus. Wir sind mit unseren spezialisierten Mitarbeitern in allen Belangen darauf eingestellt.<\/p>\n<p><strong>Property Management<\/strong><br \/>\nBetriebskosten senken, konstante Ertr\u00e4ge sichern \u2013 f\u00fcr wirtschaftliche Top-Ergebnisse mit Wohn- oder Gewerbeimmobilien ist eine ganzheitliche, gr\u00fcndliche Betrachtungsweise unverzichtbar. Wir haben das Know-how, um ungenutzte Potentiale aufzusp\u00fcren und die Wertbest\u00e4ndigkeit, Wirtschaftlichkeit und Profitabilit\u00e4t von Immobilien gezielt zu optimieren.<\/p>\n<p><strong>Asset Management<\/strong><br \/>\nIm Asset Management \u00fcbernehmen wir die nachhaltige Weiterentwicklung gewerblicher Bestandsimmobilien im Interesse der Eigent\u00fcmer. Von der Mieterbetreuung \u00fcber Modernisierungsma\u00dfnahmen bis hin zur Umnutzung und Neuvermarktung. Priorit\u00e4t hat ein intelligentes Immobilienmarketing, das die Gesch\u00e4fte der Mieter unterst\u00fctzt und der langfristigen Wertsteigerung des Immobilienverm\u00f6gens zugutekommt.<\/p>\n\n\t\t<\/div>\n\t<\/div>\n<\/div><\/div><\/div><div class=\"boxpadding wpb_column vc_column_container vc_col-sm-6\"><div class=\"vc_column-inner\"><div class=\"wpb_wrapper\">\n\t<div  class=\"wpb_single_image wpb_content_element vc_align_right\">\n\t\t\n\t\t<figure class=\"wpb_wrapper vc_figure\">\n\t\t\t<div class=\"vc_single_image-wrapper   vc_box_border_grey\"><img loading=\"lazy\" decoding=\"async\" width=\"674\" height=\"429\" src=\"https:\/\/www.sw-gruppe.com\/wp-content\/uploads\/2022\/07\/verwaltung5.jpg\" class=\"vc_single_image-img attachment-full\" alt=\"\" title=\"KAUFM\u00c4NNISCHE VERWALTUNG\" srcset=\"https:\/\/www.sw-gruppe.com\/wp-content\/uploads\/2022\/07\/verwaltung5.jpg 674w, https:\/\/www.sw-gruppe.com\/wp-content\/uploads\/2022\/07\/verwaltung5-300x191.jpg 300w, https:\/\/www.sw-gruppe.com\/wp-content\/uploads\/2022\/07\/verwaltung5-18x12.jpg 18w\" sizes=\"auto, (max-width: 674px) 100vw, 674px\"  data-dt-location=\"https:\/\/www.sw-gruppe.com\/de\/kompetenz\/facility-management\/verwaltung5\/\" \/><\/div>\n\t\t<\/figure>\n\t<\/div>\n<\/div><\/div><\/div><\/div><div class=\"vc_row-full-width vc_clearfix\"><\/div><div data-vc-full-width=\"true\" data-vc-full-width-temp=\"true\" data-vc-full-width-init=\"false\" data-vc-stretch-content=\"true\" class=\"vc_row wpb_row vc_row-fluid vc_custom_1646824424011 vc_row-has-fill vc_row-o-equal-height vc_row-flex\"><div class=\"wpb_column vc_column_container vc_col-sm-12\"><div class=\"vc_column-inner\"><div class=\"wpb_wrapper\">\n\t<div class=\"wpb_text_column wpb_content_element  vc_custom_1646319082133\" >\n\t\t<div class=\"wpb_wrapper\">\n\t\t\t<h2>UNSERE DREI S\u00c4ULEN<br \/>\n<em>Ein Einblick in unsere Spezialgebiete<\/em><\/h2>\n\n\t\t<\/div>\n\t<\/div>\n<\/div><\/div><\/div><div class=\"facility wpb_column vc_column_container vc_col-sm-4\"><div class=\"vc_column-inner\"><div class=\"wpb_wrapper\"><div class=\"flip-box-wrap\" tabindex=\"0\" style=\"margin-right:5px;margin-left:5px;\"><div class=\"flip-box ifb-auto-height box1 horizontal_flip_left flip-ifb-auto-height\" data-animation=\"\" data-animation-delay=\"03\" style=\"\" ><div class=\"ifb-flip-box\" id=\"flip-box-wrap-5730\"><div class=\"ifb-face ifb-front \" style=\"color:#333333;background:#efefef;  border-color:#A4A4A4; \">\n\t\t\t\t\t\t\t<div class=\"ifb-flip-box-section ifb-flip-box-section-vertical-middle\">\n\t\t\t\t\t\t\t<div class=\"flip-box-icon\"><div class=\"ult-just-icon-wrapper  \"><div class=\"align-icon\" style=\"text-align:center;\">\n<div class=\"aio-icon-img \" style=\"font-size:600px;display:inline-block;\" >\n\t<img decoding=\"async\" class=\"img-icon\" alt=\"null\" src=\"https:\/\/www.sw-gruppe.com\/wp-content\/uploads\/2022\/05\/verwaltung4.jpg\"\/>\n<\/div><\/div><\/div><\/div><\/div><\/div><!-- END .front -->\n\t\t\t\t\t\t<div class=\"ifb-face ifb-back\" style=\"color:#f4f4f4;color:#ffffff;  border-color:#A4A4A4; \">\n\t\t\t\t\t\t\t<div class=\"ifb-flip-box-section ifb-flip-box-section-vertical-middle\"><h3 class=\"ult-responsive flipbox_heading\"  data-ultimate-target='#flip-box-wrap-5730 .ult-responsive.flipbox_heading'  data-responsive-json-new='{\"font-size\":\"\",\"line-height\":\"\"}'  style=\"color:#f4f4f4; font-family:&#039;Poppins&#039;;\">KAUFM\u00c4NNISCHE VERWALTUNG<\/h3><div class=\"ifb-desc-back\"><div class=\"ifb-flip-box-section-content ult-responsive\"  data-ultimate-target='#flip-box-wrap-5730 .ifb-flip-box-section-content.ult-responsive'  data-responsive-json-new='{\"font-size\":\"desktop:16px;\",\"line-height\":\"\"}'  style=\"font-family:&#039;Poppins&#039;;color:#f4f4f4;color:#ffffff;\"><p>Gewerbliche Immobilien bed\u00fcrfen einer umfassenden Expertise zur erfolgreichen Bewirtschaftung. Wir sorgen f\u00fcr langfristigen Werterhalt und neue Perspektiven.<\/p><\/div><\/div><div class=\"flip_link\"><a href=\"https:\/\/www.sw-gruppe.com\/kompetenz\/kaufmaennische-verwaltung\/\"  >MEHR ERFAHREN<\/a><\/div><\/div><\/div><!-- END .back --><\/div> <!-- ifb-flip-box --><\/div> <!-- flip-box --><\/div><!-- End icon block --><div id=\"ultimate-heading-818469edfae6a5f10\" class=\"uvc-heading ult-adjust-bottom-margin ultimate-heading-818469edfae6a5f10 uvc-9427  uvc-heading-default-font-sizes\" data-hspacer=\"no_spacer\"  data-halign=\"center\" style=\"text-align:center\"><div class=\"uvc-heading-spacer no_spacer\" style=\"top\"><\/div><div class=\"uvc-main-heading ult-responsive\"  data-ultimate-target='.uvc-heading.ultimate-heading-818469edfae6a5f10 h4'  data-responsive-json-new='{\"font-size\":\"\",\"line-height\":\"\"}' ><h4 style=\"font-family:&#039;Poppins&#039;;--font-weight:theme;\">KAUFM\u00c4NNISCHE VERWALTUNG<\/h4><\/div><\/div><\/div><\/div><\/div><div class=\"wpb_column vc_column_container vc_col-sm-4\"><div class=\"vc_column-inner\"><div class=\"wpb_wrapper\"><div class=\"flip-box-wrap\" tabindex=\"0\" style=\"margin-right:5px;margin-left:5px;\"><div class=\"flip-box ifb-auto-height box1 horizontal_flip_left flip-ifb-auto-height\" data-animation=\"\" data-animation-delay=\"03\" style=\"\" ><div class=\"ifb-flip-box\" id=\"flip-box-wrap-9908\"><div class=\"ifb-face ifb-front \" style=\"color:#333333;background:#efefef;  border-color:#A4A4A4; \">\n\t\t\t\t\t\t\t<div class=\"ifb-flip-box-section ifb-flip-box-section-vertical-middle\">\n\t\t\t\t\t\t\t<div class=\"flip-box-icon\"><div class=\"ult-just-icon-wrapper  \"><div class=\"align-icon\" style=\"text-align:center;\">\n<div class=\"aio-icon-img \" style=\"font-size:600px;display:inline-block;\" >\n\t<img decoding=\"async\" class=\"img-icon\" alt=\"null\" src=\"https:\/\/www.sw-gruppe.com\/wp-content\/uploads\/2022\/05\/investment5.jpg\"\/>\n<\/div><\/div><\/div><\/div><\/div><\/div><!-- END .front -->\n\t\t\t\t\t\t<div class=\"ifb-face ifb-back\" style=\"color:#f4f4f4;color:#ffffff;  border-color:#A4A4A4; \">\n\t\t\t\t\t\t\t<div class=\"ifb-flip-box-section ifb-flip-box-section-vertical-middle\"><h3 class=\"ult-responsive flipbox_heading\"  data-ultimate-target='#flip-box-wrap-9908 .ult-responsive.flipbox_heading'  data-responsive-json-new='{\"font-size\":\"\",\"line-height\":\"\"}'  style=\"color:#f4f4f4; font-family:&#039;Poppins&#039;;\">INVESTMENT<\/h3><div class=\"ifb-desc-back\"><div class=\"ifb-flip-box-section-content ult-responsive\"  data-ultimate-target='#flip-box-wrap-9908 .ifb-flip-box-section-content.ult-responsive'  data-responsive-json-new='{\"font-size\":\"desktop:16px;\",\"line-height\":\"\"}'  style=\"font-family:&#039;Poppins&#039;;color:#f4f4f4;color:#ffffff;\"><p>Objekte in 1a-Citylage, Logistik-Center am Stadtrand, Leuchtturmprojekte mit Potenzial \u2013 was lohnt wirklich? Ohne fundierte Marktkenntnisse geht nichts.<\/p><\/div><\/div><div class=\"flip_link\"><a href=\"https:\/\/www.sw-gruppe.com\/kompetenz\/investment\/\"  >MEHR ERFAHREN<\/a><\/div><\/div><\/div><!-- END .back --><\/div> <!-- ifb-flip-box --><\/div> <!-- flip-box --><\/div><!-- End icon block --><div id=\"ultimate-heading-19069edfae6a6874\" class=\"uvc-heading ult-adjust-bottom-margin ultimate-heading-19069edfae6a6874 uvc-4497  uvc-heading-default-font-sizes\" data-hspacer=\"no_spacer\"  data-halign=\"center\" style=\"text-align:center\"><div class=\"uvc-heading-spacer no_spacer\" style=\"top\"><\/div><div class=\"uvc-main-heading ult-responsive\"  data-ultimate-target='.uvc-heading.ultimate-heading-19069edfae6a6874 h4'  data-responsive-json-new='{\"font-size\":\"\",\"line-height\":\"\"}' ><h4 style=\"font-family:&#039;Poppins&#039;;--font-weight:theme;\">INVESTMENT<\/h4><\/div><\/div><\/div><\/div><\/div><div class=\"wpb_column vc_column_container vc_col-sm-4\"><div class=\"vc_column-inner\"><div class=\"wpb_wrapper\"><div class=\"flip-box-wrap\" tabindex=\"0\" style=\"margin-right:5px;margin-left:5px;\"><div class=\"flip-box ifb-auto-height box1 horizontal_flip_left flip-ifb-auto-height\" data-animation=\"\" data-animation-delay=\"03\" style=\"\" ><div class=\"ifb-flip-box\" id=\"flip-box-wrap-2886\"><div class=\"ifb-face ifb-front \" style=\"color:#333333;background:#efefef;  border-color:#A4A4A4; \">\n\t\t\t\t\t\t\t<div class=\"ifb-flip-box-section ifb-flip-box-section-vertical-middle\">\n\t\t\t\t\t\t\t<div class=\"flip-box-icon\"><div class=\"ult-just-icon-wrapper  \"><div class=\"align-icon\" style=\"text-align:center;\">\n<div class=\"aio-icon-img \" style=\"font-size:600px;display:inline-block;\" >\n\t<img decoding=\"async\" class=\"img-icon\" alt=\"null\" src=\"https:\/\/www.sw-gruppe.com\/wp-content\/uploads\/2022\/05\/fm.jpg\"\/>\n<\/div><\/div><\/div><\/div><\/div><\/div><!-- END .front -->\n\t\t\t\t\t\t<div class=\"ifb-face ifb-back\" style=\"color:#ffffff;  border-color:#A4A4A4; \">\n\t\t\t\t\t\t\t<div class=\"ifb-flip-box-section ifb-flip-box-section-vertical-middle\"><h3 class=\"ult-responsive flipbox_heading\"  data-ultimate-target='#flip-box-wrap-2886 .ult-responsive.flipbox_heading'  data-responsive-json-new='{\"font-size\":\"\",\"line-height\":\"\"}'  style=\"color:#ffffff; font-family:&#039;Poppins&#039;;\">FACILITY MANAGEMENT<\/h3><div class=\"ifb-desc-back\"><div class=\"ifb-flip-box-section-content ult-responsive\"  data-ultimate-target='#flip-box-wrap-2886 .ifb-flip-box-section-content.ult-responsive'  data-responsive-json-new='{\"font-size\":\"desktop:16px;\",\"line-height\":\"\"}'  style=\"font-family:&#039;Poppins&#039;;color:#ffffff;\"><p>Ver- und Entsorgung, W\u00e4rme, Strom, IT \u2013 sowohl die technischen als auch die rechtlichen Anforderungen steigen. Wir halten die Geb\u00e4udetechnik auf dem neuesten Stand.<\/p><\/div><\/div><div class=\"flip_link\"><a href=\"https:\/\/www.sw-gruppe.com\/kompetenz\/facility-management\/\"  >MEHR ERFAHREN<\/a><\/div><\/div><\/div><!-- END .back --><\/div> <!-- ifb-flip-box --><\/div> <!-- flip-box --><\/div><!-- End icon block --><div id=\"ultimate-heading-774069edfae6a70ff\" class=\"uvc-heading ult-adjust-bottom-margin ultimate-heading-774069edfae6a70ff uvc-6315  uvc-heading-default-font-sizes\" data-hspacer=\"no_spacer\"  data-halign=\"center\" style=\"text-align:center\"><div class=\"uvc-heading-spacer no_spacer\" style=\"top\"><\/div><div class=\"uvc-main-heading ult-responsive\"  data-ultimate-target='.uvc-heading.ultimate-heading-774069edfae6a70ff h4'  data-responsive-json-new='{\"font-size\":\"\",\"line-height\":\"\"}' ><h4 style=\"font-family:&#039;Poppins&#039;;--font-weight:theme;\">FACILITY MANAGEMENT<\/h4><\/div><\/div><\/div><\/div><\/div><\/div><div class=\"vc_row-full-width vc_clearfix\"><\/div>\n<\/div>","protected":false},"excerpt":{"rendered":"<p>KAUFM\u00c4NNISCHE VERWALTUNG KONSTANTE WERTSCH\u00d6PFUNG UND NACHHALTIGE ENTWICKLUNG Die Aufgaben des modernen Immobilienmanagements reichen weit \u00fcber effiziente Abl\u00e4ufe zur kaufm\u00e4nnischen Verwaltung hinaus. Wir sind mit unseren spezialisierten Mitarbeitern in allen Belangen darauf eingestellt. Property Management Betriebskosten senken, konstante Ertr\u00e4ge sichern \u2013 f\u00fcr wirtschaftliche Top-Ergebnisse mit Wohn- oder Gewerbeimmobilien ist eine ganzheitliche, gr\u00fcndliche Betrachtungsweise unverzichtbar. Wir haben&hellip;<\/p>\n","protected":false},"author":2,"featured_media":0,"parent":57244,"menu_order":0,"comment_status":"closed","ping_status":"closed","template":"","meta":{"footnotes":""},"class_list":["post-57286","page","type-page","status-publish","hentry","description-off"],"_links":{"self":[{"href":"https:\/\/www.sw-gruppe.com\/de\/wp-json\/wp\/v2\/pages\/57286","targetHints":{"allow":["GET"]}}],"collection":[{"href":"https:\/\/www.sw-gruppe.com\/de\/wp-json\/wp\/v2\/pages"}],"about":[{"href":"https:\/\/www.sw-gruppe.com\/de\/wp-json\/wp\/v2\/types\/page"}],"author":[{"embeddable":true,"href":"https:\/\/www.sw-gruppe.com\/de\/wp-json\/wp\/v2\/users\/2"}],"replies":[{"embeddable":true,"href":"https:\/\/www.sw-gruppe.com\/de\/wp-json\/wp\/v2\/comments?post=57286"}],"version-history":[{"count":6,"href":"https:\/\/www.sw-gruppe.com\/de\/wp-json\/wp\/v2\/pages\/57286\/revisions"}],"predecessor-version":[{"id":57976,"href":"https:\/\/www.sw-gruppe.com\/de\/wp-json\/wp\/v2\/pages\/57286\/revisions\/57976"}],"up":[{"embeddable":true,"href":"https:\/\/www.sw-gruppe.com\/de\/wp-json\/wp\/v2\/pages\/57244"}],"wp:attachment":[{"href":"https:\/\/www.sw-gruppe.com\/de\/wp-json\/wp\/v2\/media?parent=57286"}],"curies":[{"name":"wp","href":"https:\/\/api.w.org\/{rel}","templated":true}]}}