{"id":57290,"date":"2022-01-11T10:14:43","date_gmt":"2022-01-11T10:14:43","guid":{"rendered":"https:\/\/www.sw-gruppe.com\/?page_id=57290"},"modified":"2024-03-21T12:06:34","modified_gmt":"2024-03-21T11:06:34","slug":"facility-management","status":"publish","type":"page","link":"https:\/\/www.sw-gruppe.com\/de\/kompetenz\/facility-management\/","title":{"rendered":"Facility Management"},"content":{"rendered":"<div class=\"wpb-content-wrapper\"><div data-vc-full-width=\"true\" data-vc-full-width-temp=\"true\" data-vc-full-width-init=\"false\" class=\"vc_row wpb_row vc_row-fluid nowrap\"><div class=\"wpb_column vc_column_container vc_col-sm-6\"><div class=\"vc_column-inner\"><div class=\"wpb_wrapper\">\n\t<div class=\"wpb_text_column wpb_content_element \" >\n\t\t<div class=\"wpb_wrapper\">\n\t\t\t<h1>FACILITY MANAGEMENT &#8211;<br \/>\n<em>AUCH IN TECHNISCHEN FRAGEN BESTENS AUFGESTELLT<\/em><\/h1>\n<p>Technische Geb\u00e4udeausstattung und Infrastruktur unterliegen naturgem\u00e4\u00df fortw\u00e4hrender Ver\u00e4nderungen. Allein schon im Energiesektor sind zunehmend sch\u00e4rfere Auflagen zu erf\u00fcllen. Die rasante Entwicklung moderner Kommunikationstechnologien, Steuerungstechnik und Assistenzsysteme bringt zus\u00e4tzlich Dynamik ins Spiel. Entsprechend top aktuell und top qualifiziert ist daher das Facility Management Team der SW Gruppe.<\/p>\n<p>Ob hochfrequentiertes Logistikzentrum, Megab\u00fcroturm oder Gewerbehof mit Industrie 4.0 Standard: Wir k\u00fcmmern uns um zuverl\u00e4ssige Versorgungsleistungen, optimale Verbrauchswerte und effizientes Wartungs- und Instandhaltungsmanagement. Je nach Objekt und Anforderungen. Die Ausf\u00fchrung von Kleinreparaturen geh\u00f6rt ebenso zum Repertoire wie turnusgem\u00e4\u00dfe Leerstandkontrollen oder die Planung und Umsetzung bzw. \u00dcberwachung von Sanierungsprojekten.<\/p>\n<p>In Spezialf\u00e4llen k\u00f6nnen wir Anlagentechniker und IT-Experten aus unserem Partnernetzwerk hinzuziehen.<\/p>\n\n\t\t<\/div>\n\t<\/div>\n<\/div><\/div><\/div><div class=\"boxpadding wpb_column vc_column_container vc_col-sm-6\"><div class=\"vc_column-inner\"><div class=\"wpb_wrapper\">\n\t<div  class=\"wpb_single_image wpb_content_element vc_align_right\">\n\t\t\n\t\t<figure class=\"wpb_wrapper vc_figure\">\n\t\t\t<div class=\"vc_single_image-wrapper   vc_box_border_grey\"><img loading=\"lazy\" decoding=\"async\" width=\"674\" height=\"429\" src=\"https:\/\/www.sw-gruppe.com\/wp-content\/uploads\/2022\/07\/fm2.jpg\" class=\"vc_single_image-img attachment-full\" alt=\"\" title=\"FACILITY MANAGEMENT\" srcset=\"https:\/\/www.sw-gruppe.com\/wp-content\/uploads\/2022\/07\/fm2.jpg 674w, https:\/\/www.sw-gruppe.com\/wp-content\/uploads\/2022\/07\/fm2-300x191.jpg 300w, https:\/\/www.sw-gruppe.com\/wp-content\/uploads\/2022\/07\/fm2-18x12.jpg 18w\" sizes=\"auto, (max-width: 674px) 100vw, 674px\"  data-dt-location=\"https:\/\/www.sw-gruppe.com\/de\/kompetenz\/facility-management\/fm2\/\" \/><\/div>\n\t\t<\/figure>\n\t<\/div>\n<\/div><\/div><\/div><\/div><div class=\"vc_row-full-width vc_clearfix\"><\/div><div data-vc-full-width=\"true\" data-vc-full-width-temp=\"true\" data-vc-full-width-init=\"false\" data-vc-stretch-content=\"true\" class=\"vc_row wpb_row vc_row-fluid vc_custom_1646824293720 vc_row-has-fill vc_row-o-equal-height vc_row-flex\"><div class=\"wpb_column vc_column_container vc_col-sm-12\"><div class=\"vc_column-inner\"><div class=\"wpb_wrapper\">\n\t<div class=\"wpb_text_column wpb_content_element  vc_custom_1646319115150\" >\n\t\t<div class=\"wpb_wrapper\">\n\t\t\t<h2>OB B\u00dcROGEB\u00c4UDE, GEWERBEH\u00d6FE ODER LOGISTIKZENTREN \u2013 WIR SORGEN F\u00dcR WERTERHALT UND GUTE PERSPEKTIVEN.<br \/>\n<em>Ein Einblick in unsere Spezialgebiete<\/em><\/h2>\n\n\t\t<\/div>\n\t<\/div>\n<\/div><\/div><\/div><div class=\"wpb_column vc_column_container vc_col-sm-4\"><div class=\"vc_column-inner\"><div class=\"wpb_wrapper\"><div class=\"flip-box-wrap\" tabindex=\"0\" style=\"margin-right:4px;margin-left:4px;\"><div class=\"flip-box ifb-auto-height box1 horizontal_flip_left flip-ifb-auto-height\" data-animation=\"\" data-animation-delay=\"03\" style=\"\" ><div class=\"ifb-flip-box\" id=\"flip-box-wrap-2192\"><div class=\"ifb-face ifb-front \" style=\"color:#333333;background:#efefef;  border-color:#A4A4A4; \">\n\t\t\t\t\t\t\t<div class=\"ifb-flip-box-section ifb-flip-box-section-vertical-middle\">\n\t\t\t\t\t\t\t<div class=\"flip-box-icon\"><div class=\"ult-just-icon-wrapper  \"><div class=\"align-icon\" style=\"text-align:center;\">\n<div class=\"aio-icon-img \" style=\"font-size:600px;display:inline-block;\" >\n\t<img decoding=\"async\" class=\"img-icon\" alt=\"null\" src=\"https:\/\/www.sw-gruppe.com\/wp-content\/uploads\/2022\/05\/verwaltung4.jpg\"\/>\n<\/div><\/div><\/div><\/div><\/div><\/div><!-- END .front -->\n\t\t\t\t\t\t<div class=\"ifb-face ifb-back\" style=\"color:#f4f4f4;color:#ffffff;  border-color:#A4A4A4; \">\n\t\t\t\t\t\t\t<div class=\"ifb-flip-box-section ifb-flip-box-section-vertical-middle\"><p class=\"ult-responsive flipbox_heading\"  data-ultimate-target='#flip-box-wrap-2192 .ult-responsive.flipbox_heading'  data-responsive-json-new='{\"font-size\":\"\",\"line-height\":\"\"}'  style=\"color:#f4f4f4; font-family:&#039;Poppins&#039;;\">KAUFM\u00c4NNISCHE VERWALTUNG<\/p><div class=\"ifb-desc-back\"><div class=\"ifb-flip-box-section-content ult-responsive\"  data-ultimate-target='#flip-box-wrap-2192 .ifb-flip-box-section-content.ult-responsive'  data-responsive-json-new='{\"font-size\":\"desktop:16px;\",\"line-height\":\"\"}'  style=\"font-family:&#039;Poppins&#039;;color:#f4f4f4;color:#ffffff;\"><p>Gewerbliche Immobilien bed\u00fcrfen einer umfassenden Expertise zur erfolgreichen Bewirtschaftung. Wir sorgen f\u00fcr langfristigen Werterhalt und neue Perspektiven.<\/p><\/div><\/div><div class=\"flip_link\"><a href=\"https:\/\/www.sw-gruppe.com\/kompetenz\/kaufmaennische-verwaltung\/\"  >MEHR ERFAHREN<\/a><\/div><\/div><\/div><!-- END .back --><\/div> <!-- ifb-flip-box --><\/div> <!-- flip-box --><\/div><!-- End icon block --><div id=\"ultimate-heading-949269ee121540921\" class=\"uvc-heading ult-adjust-bottom-margin ultimate-heading-949269ee121540921 uvc-1809  uvc-heading-default-font-sizes\" data-hspacer=\"no_spacer\"  data-halign=\"center\" style=\"text-align:center\"><div class=\"uvc-heading-spacer no_spacer\" style=\"top\"><\/div><div class=\"uvc-main-heading ult-responsive\"  data-ultimate-target='.uvc-heading.ultimate-heading-949269ee121540921 h4'  data-responsive-json-new='{\"font-size\":\"\",\"line-height\":\"\"}' ><h4 style=\"font-family:&#039;Poppins&#039;;--font-weight:theme;\">KAUFM\u00c4NNISCHE VERWALTUNG<\/h4><\/div><\/div><\/div><\/div><\/div><div class=\"wpb_column vc_column_container vc_col-sm-4\"><div class=\"vc_column-inner\"><div class=\"wpb_wrapper\"><div class=\"flip-box-wrap\" tabindex=\"0\" style=\"margin-right:4px;margin-left:4px;\"><div class=\"flip-box ifb-auto-height box1 horizontal_flip_left flip-ifb-auto-height\" data-animation=\"\" data-animation-delay=\"03\" style=\"\" ><div class=\"ifb-flip-box\" id=\"flip-box-wrap-3009\"><div class=\"ifb-face ifb-front \" style=\"color:#333333;background:#efefef;  border-color:#A4A4A4; \">\n\t\t\t\t\t\t\t<div class=\"ifb-flip-box-section ifb-flip-box-section-vertical-middle\">\n\t\t\t\t\t\t\t<div class=\"flip-box-icon\"><div class=\"ult-just-icon-wrapper  \"><div class=\"align-icon\" style=\"text-align:center;\">\n<div class=\"aio-icon-img \" style=\"font-size:600px;display:inline-block;\" >\n\t<img decoding=\"async\" class=\"img-icon\" alt=\"null\" src=\"https:\/\/www.sw-gruppe.com\/wp-content\/uploads\/2022\/05\/investment5.jpg\"\/>\n<\/div><\/div><\/div><\/div><\/div><\/div><!-- END .front -->\n\t\t\t\t\t\t<div class=\"ifb-face ifb-back\" style=\"color:#f4f4f4;color:#ffffff;  border-color:#A4A4A4; \">\n\t\t\t\t\t\t\t<div class=\"ifb-flip-box-section ifb-flip-box-section-vertical-middle\"><h3 class=\"ult-responsive flipbox_heading\"  data-ultimate-target='#flip-box-wrap-3009 .ult-responsive.flipbox_heading'  data-responsive-json-new='{\"font-size\":\"\",\"line-height\":\"\"}'  style=\"color:#f4f4f4; font-family:&#039;Poppins&#039;;\">INVESTMENT<\/h3><div class=\"ifb-desc-back\"><div class=\"ifb-flip-box-section-content ult-responsive\"  data-ultimate-target='#flip-box-wrap-3009 .ifb-flip-box-section-content.ult-responsive'  data-responsive-json-new='{\"font-size\":\"desktop:16px;\",\"line-height\":\"\"}'  style=\"font-family:&#039;Poppins&#039;;color:#f4f4f4;color:#ffffff;\"><p>Objekte in 1a-Citylage, Logistik-Center am Stadtrand, Leuchtturmprojekte mit Potenzial \u2013 was lohnt wirklich? Ohne fundierte Marktkenntnisse geht nichts.<\/p><\/div><\/div><div class=\"flip_link\"><a href=\"https:\/\/www.sw-gruppe.com\/kompetenz\/investment\/\"  >MEHR ERFAHREN<\/a><\/div><\/div><\/div><!-- END .back --><\/div> <!-- ifb-flip-box --><\/div> <!-- flip-box --><\/div><!-- End icon block --><div id=\"ultimate-heading-904569ee1215415f3\" class=\"uvc-heading ult-adjust-bottom-margin ultimate-heading-904569ee1215415f3 uvc-3450  uvc-heading-default-font-sizes\" data-hspacer=\"no_spacer\"  data-halign=\"center\" style=\"text-align:center\"><div class=\"uvc-heading-spacer no_spacer\" style=\"top\"><\/div><div class=\"uvc-main-heading ult-responsive\"  data-ultimate-target='.uvc-heading.ultimate-heading-904569ee1215415f3 h4'  data-responsive-json-new='{\"font-size\":\"\",\"line-height\":\"\"}' ><h4 style=\"font-family:&#039;Poppins&#039;;--font-weight:theme;\">INVESTMENT<\/h4><\/div><\/div><\/div><\/div><\/div><div class=\"facility wpb_column vc_column_container vc_col-sm-4\"><div class=\"vc_column-inner\"><div class=\"wpb_wrapper\"><div class=\"flip-box-wrap\" tabindex=\"0\" style=\"margin-right:4px;margin-left:4px;\"><div class=\"flip-box ifb-auto-height box1 horizontal_flip_left flip-ifb-auto-height\" data-animation=\"\" data-animation-delay=\"03\" style=\"\" ><div class=\"ifb-flip-box\" id=\"flip-box-wrap-1313\"><div class=\"ifb-face ifb-front \" style=\"color:#333333;background:#efefef;  border-color:#A4A4A4; \">\n\t\t\t\t\t\t\t<div class=\"ifb-flip-box-section ifb-flip-box-section-vertical-middle\">\n\t\t\t\t\t\t\t<div class=\"flip-box-icon\"><div class=\"ult-just-icon-wrapper  \"><div class=\"align-icon\" style=\"text-align:center;\">\n<div class=\"aio-icon-img \" style=\"font-size:600px;display:inline-block;\" >\n\t<img decoding=\"async\" class=\"img-icon\" alt=\"null\" src=\"https:\/\/www.sw-gruppe.com\/wp-content\/uploads\/2022\/05\/fm.jpg\"\/>\n<\/div><\/div><\/div><\/div><\/div><\/div><!-- END .front -->\n\t\t\t\t\t\t<div class=\"ifb-face ifb-back\" style=\"color:#f4f4f4;color:#ffffff;  border-color:#A4A4A4; \">\n\t\t\t\t\t\t\t<div class=\"ifb-flip-box-section ifb-flip-box-section-vertical-middle\"><h3 class=\"ult-responsive flipbox_heading\"  data-ultimate-target='#flip-box-wrap-1313 .ult-responsive.flipbox_heading'  data-responsive-json-new='{\"font-size\":\"\",\"line-height\":\"\"}'  style=\"color:#f4f4f4; font-family:&#039;Poppins&#039;;\">FACILITY MANAGEMENT<\/h3><div class=\"ifb-desc-back\"><div class=\"ifb-flip-box-section-content ult-responsive\"  data-ultimate-target='#flip-box-wrap-1313 .ifb-flip-box-section-content.ult-responsive'  data-responsive-json-new='{\"font-size\":\"desktop:16px;\",\"line-height\":\"\"}'  style=\"font-family:&#039;Poppins&#039;;color:#f4f4f4;color:#ffffff;\"><p>Ver- und Entsorgung, W\u00e4rme, Strom, IT \u2013 sowohl die technischen als auch die rechtlichen Anforderungen steigen. Wir halten die Geb\u00e4udetechnik auf dem neuesten Stand.<\/p><\/div><\/div><div class=\"flip_link\"><a href=\"https:\/\/www.sw-gruppe.com\/kompetenz\/facility-management\/\"  >MEHR ERFAHREN<\/a><\/div><\/div><\/div><!-- END .back --><\/div> <!-- ifb-flip-box --><\/div> <!-- flip-box --><\/div><!-- End icon block --><div id=\"ultimate-heading-627469ee121542381\" class=\"uvc-heading ult-adjust-bottom-margin ultimate-heading-627469ee121542381 uvc-9455  uvc-heading-default-font-sizes\" data-hspacer=\"no_spacer\"  data-halign=\"center\" style=\"text-align:center\"><div class=\"uvc-heading-spacer no_spacer\" style=\"top\"><\/div><div class=\"uvc-main-heading ult-responsive\"  data-ultimate-target='.uvc-heading.ultimate-heading-627469ee121542381 h4'  data-responsive-json-new='{\"font-size\":\"\",\"line-height\":\"\"}' ><h4 style=\"font-family:&#039;Poppins&#039;;--font-weight:theme;\">FACILITY MANAGEMENT<\/h4><\/div><\/div><\/div><\/div><\/div><\/div><div class=\"vc_row-full-width vc_clearfix\"><\/div>\n<\/div>","protected":false},"excerpt":{"rendered":"<p>FACILITY MANAGEMENT &#8211; AUCH IN TECHNISCHEN FRAGEN BESTENS AUFGESTELLT Technische Geb\u00e4udeausstattung und Infrastruktur unterliegen naturgem\u00e4\u00df fortw\u00e4hrender Ver\u00e4nderungen. Allein schon im Energiesektor sind zunehmend sch\u00e4rfere Auflagen zu erf\u00fcllen. Die rasante Entwicklung moderner Kommunikationstechnologien, Steuerungstechnik und Assistenzsysteme bringt zus\u00e4tzlich Dynamik ins Spiel. Entsprechend top aktuell und top qualifiziert ist daher das Facility Management Team der SW Gruppe.&hellip;<\/p>\n","protected":false},"author":2,"featured_media":0,"parent":57244,"menu_order":0,"comment_status":"closed","ping_status":"closed","template":"","meta":{"footnotes":""},"class_list":["post-57290","page","type-page","status-publish","hentry","description-off"],"_links":{"self":[{"href":"https:\/\/www.sw-gruppe.com\/de\/wp-json\/wp\/v2\/pages\/57290","targetHints":{"allow":["GET"]}}],"collection":[{"href":"https:\/\/www.sw-gruppe.com\/de\/wp-json\/wp\/v2\/pages"}],"about":[{"href":"https:\/\/www.sw-gruppe.com\/de\/wp-json\/wp\/v2\/types\/page"}],"author":[{"embeddable":true,"href":"https:\/\/www.sw-gruppe.com\/de\/wp-json\/wp\/v2\/users\/2"}],"replies":[{"embeddable":true,"href":"https:\/\/www.sw-gruppe.com\/de\/wp-json\/wp\/v2\/comments?post=57290"}],"version-history":[{"count":6,"href":"https:\/\/www.sw-gruppe.com\/de\/wp-json\/wp\/v2\/pages\/57290\/revisions"}],"predecessor-version":[{"id":57980,"href":"https:\/\/www.sw-gruppe.com\/de\/wp-json\/wp\/v2\/pages\/57290\/revisions\/57980"}],"up":[{"embeddable":true,"href":"https:\/\/www.sw-gruppe.com\/de\/wp-json\/wp\/v2\/pages\/57244"}],"wp:attachment":[{"href":"https:\/\/www.sw-gruppe.com\/de\/wp-json\/wp\/v2\/media?parent=57290"}],"curies":[{"name":"wp","href":"https:\/\/api.w.org\/{rel}","templated":true}]}}