{"id":57293,"date":"2022-01-11T10:15:19","date_gmt":"2022-01-11T10:15:19","guid":{"rendered":"https:\/\/www.sw-gruppe.com\/?page_id=57293"},"modified":"2024-03-21T14:30:15","modified_gmt":"2024-03-21T13:30:15","slug":"impressum","status":"publish","type":"page","link":"https:\/\/www.sw-gruppe.com\/de\/impressum\/","title":{"rendered":"Impressum"},"content":{"rendered":"<div class=\"wpb-content-wrapper\"><div style=\"min-height: 100%\" data-vc-full-width=\"true\" data-vc-full-width-temp=\"true\" data-vc-full-width-init=\"false\" class=\"vc_row wpb_row vc_row-fluid vc_custom_1711027528276 vc_row-o-full-height vc_row-o-columns-top vc_row-flex\"><div class=\"wpb_column vc_column_container vc_col-sm-6\"><div class=\"vc_column-inner\"><div class=\"wpb_wrapper\">\n\t<div class=\"wpb_text_column wpb_content_element \" >\n\t\t<div class=\"wpb_wrapper\">\n\t\t\t<h1 class=\"imph\">IVL Langer Immobilienverwaltungsgesellschaft mbH<em><br \/>\n<\/em><\/h1>\n<p>Bouch\u00e9stra\u00dfe 12<br \/>\n12435 Berlin<\/p>\n<p>Sitz der Gesellschaft: Berlin<br \/>\nHandelsregister: Amtsgericht Charlottenburg HRB 103562<br \/>\nGesch\u00e4ftsf\u00fchrung: Jens Sch\u00f6nwetter<br \/>\nUSt-ID: DE 250 327 084<\/p>\n<p>Telefon: +49 30 5331-1101<br \/>\nMail: info@sw-gruppe.com<\/p>\n<p>&nbsp;<\/p>\n<p><strong>Umsetzung:<\/strong><br \/>\n<a href=\"https:\/\/www.pat-patachon.de\/\" target=\"_blank\" rel=\"noopener\">Pat &amp; Patachon GmbH<\/a><\/p>\n\n\t\t<\/div>\n\t<\/div>\n<\/div><\/div><\/div><div class=\"boxpadding wpb_column vc_column_container vc_col-sm-6\"><div class=\"vc_column-inner\"><div class=\"wpb_wrapper\">\n\t<div  class=\"wpb_single_image wpb_content_element vc_align_right\">\n\t\t\n\t\t<figure class=\"wpb_wrapper vc_figure\">\n\t\t\t<div class=\"vc_single_image-wrapper   vc_box_border_grey\"><img loading=\"lazy\" decoding=\"async\" width=\"674\" height=\"429\" src=\"https:\/\/www.sw-gruppe.com\/wp-content\/uploads\/2022\/07\/ueber_uns.jpg\" class=\"vc_single_image-img attachment-full\" alt=\"\" title=\"IMMOBILIEN SIND UNSERE WELT\" srcset=\"https:\/\/www.sw-gruppe.com\/wp-content\/uploads\/2022\/07\/ueber_uns.jpg 674w, https:\/\/www.sw-gruppe.com\/wp-content\/uploads\/2022\/07\/ueber_uns-300x191.jpg 300w, https:\/\/www.sw-gruppe.com\/wp-content\/uploads\/2022\/07\/ueber_uns-18x12.jpg 18w\" sizes=\"auto, (max-width: 674px) 100vw, 674px\"  data-dt-location=\"https:\/\/www.sw-gruppe.com\/de\/home\/ueber_uns-2\/\" \/><\/div>\n\t\t<\/figure>\n\t<\/div>\n<\/div><\/div><\/div><\/div><div class=\"vc_row-full-width vc_clearfix\"><\/div>\n<\/div>","protected":false},"excerpt":{"rendered":"<p>IVL Langer Immobilienverwaltungsgesellschaft mbH Bouch\u00e9stra\u00dfe 12 12435 Berlin Sitz der Gesellschaft: Berlin Handelsregister: Amtsgericht Charlottenburg HRB 103562 Gesch\u00e4ftsf\u00fchrung: Jens Sch\u00f6nwetter USt-ID: DE 250 327 084 Telefon: +49 30 5331-1101 Mail: info@sw-gruppe.com &nbsp; Umsetzung: Pat &amp; Patachon GmbH<\/p>\n","protected":false},"author":2,"featured_media":0,"parent":0,"menu_order":0,"comment_status":"closed","ping_status":"closed","template":"","meta":{"footnotes":""},"class_list":["post-57293","page","type-page","status-publish","hentry","description-off"],"_links":{"self":[{"href":"https:\/\/www.sw-gruppe.com\/de\/wp-json\/wp\/v2\/pages\/57293","targetHints":{"allow":["GET"]}}],"collection":[{"href":"https:\/\/www.sw-gruppe.com\/de\/wp-json\/wp\/v2\/pages"}],"about":[{"href":"https:\/\/www.sw-gruppe.com\/de\/wp-json\/wp\/v2\/types\/page"}],"author":[{"embeddable":true,"href":"https:\/\/www.sw-gruppe.com\/de\/wp-json\/wp\/v2\/users\/2"}],"replies":[{"embeddable":true,"href":"https:\/\/www.sw-gruppe.com\/de\/wp-json\/wp\/v2\/comments?post=57293"}],"version-history":[{"count":9,"href":"https:\/\/www.sw-gruppe.com\/de\/wp-json\/wp\/v2\/pages\/57293\/revisions"}],"predecessor-version":[{"id":57985,"href":"https:\/\/www.sw-gruppe.com\/de\/wp-json\/wp\/v2\/pages\/57293\/revisions\/57985"}],"wp:attachment":[{"href":"https:\/\/www.sw-gruppe.com\/de\/wp-json\/wp\/v2\/media?parent=57293"}],"curies":[{"name":"wp","href":"https:\/\/api.w.org\/{rel}","templated":true}]}}