{"id":57244,"date":"2022-01-11T08:58:45","date_gmt":"2022-01-11T08:58:45","guid":{"rendered":"https:\/\/www.sw-gruppe.com\/?page_id=57244"},"modified":"2022-07-18T09:46:00","modified_gmt":"2022-07-18T07:46:00","slug":"kompetenz","status":"publish","type":"page","link":"https:\/\/www.sw-gruppe.com\/en\/kompetenz\/","title":{"rendered":"Competence"},"content":{"rendered":"<div class=\"wpb-content-wrapper\"><div data-vc-full-width=\"true\" data-vc-full-width-temp=\"true\" data-vc-full-width-init=\"false\" class=\"vc_row wpb_row vc_row-fluid\"><div class=\"wpb_column vc_column_container vc_col-sm-6\"><div class=\"vc_column-inner\"><div class=\"wpb_wrapper\">\n\t<div class=\"wpb_text_column wpb_content_element\" >\n\t\t<div class=\"wpb_wrapper\">\n\t\t\t<h1>FACILITY MANAGEMENT &#8211;<br \/>\n<em>IDEALLY POSITIONED IN TECHNICAL ISSUES, TOO<\/em><\/h1>\n<p>Technical building systems and infrastructure are by their very nature subject to continuous change. In the energy sector alone, increasingly stringent regulations have to be met. The rapid development of modern communications technologies, control technology and assistance systems are additional drivers of change. That is why the SW Group facility management team is always on top of current trends and remains top quali-fied.<\/p>\n<p>Be it a highly frequented logistics centre, mega office block or industry 4.0 standard business estate: We take care of reliable utility services, optimum energy effi-ciency, and efficient servicing and maintenance man-agement. Tailored to the building and the needs. Carry-ing out minor repairs is just as much a part of our rep-ertoire as are scheduled vacancy reviews or planning and implementing\/monitoring refurbishment projects.<\/p>\n<p>In special cases, we can call upon plant technicians and IT experts from our network of partners.<\/p>\n\n\t\t<\/div>\n\t<\/div>\n<\/div><\/div><\/div><div class=\"wpb_column vc_column_container vc_col-sm-6\"><div class=\"vc_column-inner vc_custom_1646843817091\"><div class=\"wpb_wrapper\"><style type=\"text\/css\" data-type=\"the7_shortcodes-inline-css\">.shortcode-single-image-wrap.shortcode-single-image-b67f2ebf2fa2ee292129e41b5d244191.enable-bg-rollover .rollover i,\n.shortcode-single-image-wrap.shortcode-single-image-b67f2ebf2fa2ee292129e41b5d244191.enable-bg-rollover .rollover-video i {\n  background: -webkit-linear-gradient();\n  background: linear-gradient();\n}\n.shortcode-single-image-wrap.shortcode-single-image-b67f2ebf2fa2ee292129e41b5d244191 .rollover-icon {\n  font-size: 32px;\n  color: #ffffff;\n  min-width: 44px;\n  min-height: 44px;\n  line-height: 44px;\n  border-radius: 100px;\n  border-style: solid;\n  border-width: 0px;\n}\n.dt-icon-bg-on.shortcode-single-image-wrap.shortcode-single-image-b67f2ebf2fa2ee292129e41b5d244191 .rollover-icon {\n  background: rgba(255,255,255,0.3);\n  box-shadow: none;\n}<\/style><div class=\"shortcode-single-image-wrap shortcode-single-image-b67f2ebf2fa2ee292129e41b5d244191 alignleft  vc_custom_1646319727551 enable-bg-rollover dt-icon-bg-off\" ><div class=\"shortcode-single-image\"><div class=\"fancy-media-wrap  layzr-bg\" style=\"\"><img fetchpriority=\"high\" decoding=\"async\" class=\"preload-me lazy-load aspect\" src=\"data:image\/svg+xml,%3Csvg%20xmlns%3D&#39;http%3A%2F%2Fwww.w3.org%2F2000%2Fsvg&#39;%20viewBox%3D&#39;0%200%20674%20457&#39;%2F%3E\" data-src=\"https:\/\/www.sw-gruppe.com\/wp-content\/uploads\/2022\/01\/AdobeStock_429966727_Preview.png\" data-srcset=\"https:\/\/www.sw-gruppe.com\/wp-content\/uploads\/2022\/01\/AdobeStock_429966727_Preview.png 674w\" loading=\"eager\" sizes=\"(max-width: 674px) 100vw, 674px\" width=\"674\" height=\"457\"  data-dt-location=\"https:\/\/www.sw-gruppe.com\/en\/home\/adobestock_429966727_preview\/\" style=\"--ratio: 674 \/ 457;\" alt=\"\" \/><\/div><\/div><\/div><style type=\"text\/css\" data-type=\"the7_shortcodes-inline-css\">.shortcode-single-image-wrap.shortcode-single-image-eb9015e670138581559049486ce03b39.enable-bg-rollover .rollover i,\n.shortcode-single-image-wrap.shortcode-single-image-eb9015e670138581559049486ce03b39.enable-bg-rollover .rollover-video i {\n  background: -webkit-linear-gradient();\n  background: linear-gradient();\n}\n.shortcode-single-image-wrap.shortcode-single-image-eb9015e670138581559049486ce03b39 .rollover-icon {\n  font-size: 32px;\n  color: #ffffff;\n  min-width: 44px;\n  min-height: 44px;\n  line-height: 44px;\n  border-radius: 100px;\n  border-style: solid;\n  border-width: 0px;\n}\n.dt-icon-bg-on.shortcode-single-image-wrap.shortcode-single-image-eb9015e670138581559049486ce03b39 .rollover-icon {\n  background: rgba(255,255,255,0.3);\n  box-shadow: none;\n}<\/style><div class=\"shortcode-single-image-wrap shortcode-single-image-eb9015e670138581559049486ce03b39 alignleft  enable-bg-rollover dt-icon-bg-off\" style=\"margin-top:0px; margin-bottom:0px; margin-left:0px; margin-right:0px;\"><div class=\"shortcode-single-image\"><div class=\"fancy-media-wrap  layzr-bg\" style=\"\"><img fetchpriority=\"high\" decoding=\"async\" class=\"preload-me lazy-load aspect\" src=\"data:image\/svg+xml,%3Csvg%20xmlns%3D&#39;http%3A%2F%2Fwww.w3.org%2F2000%2Fsvg&#39;%20viewBox%3D&#39;0%200%20674%20457&#39;%2F%3E\" data-src=\"https:\/\/www.sw-gruppe.com\/wp-content\/uploads\/2022\/01\/AdobeStock_429966727_Preview.png\" data-srcset=\"https:\/\/www.sw-gruppe.com\/wp-content\/uploads\/2022\/01\/AdobeStock_429966727_Preview.png 674w\" loading=\"eager\" sizes=\"(max-width: 674px) 100vw, 674px\" width=\"674\" height=\"457\"  data-dt-location=\"https:\/\/www.sw-gruppe.com\/en\/home\/adobestock_429966727_preview\/\" style=\"--ratio: 674 \/ 457;\" alt=\"\" \/><\/div><\/div><\/div><\/div><\/div><\/div><\/div><div class=\"vc_row-full-width vc_clearfix\"><\/div><div data-vc-full-width=\"true\" data-vc-full-width-temp=\"true\" data-vc-full-width-init=\"false\" data-vc-stretch-content=\"true\" class=\"vc_row wpb_row vc_row-fluid vc_custom_1646824293720 vc_row-has-fill vc_row-o-equal-height vc_row-flex\"><div class=\"wpb_column vc_column_container vc_col-sm-12\"><div class=\"vc_column-inner\"><div class=\"wpb_wrapper\">\n\t<div class=\"wpb_text_column wpb_content_element  vc_custom_1646319115150\" >\n\t\t<div class=\"wpb_wrapper\">\n\t\t\t<h2>BE IT OFFICE BUILDINGS, INDUSTRIAL ESTATES OR LOGISTICS CENTRES \u2013 WE ENSURE PROTECTION OF VALUE AND GOOD PERSPECTIVES.<br \/>\n<em>OUR PILLARS FOR YOUR SUCCESS<\/em><\/h2>\n\n\t\t<\/div>\n\t<\/div>\n<\/div><\/div><\/div><div class=\"wpb_column vc_column_container vc_col-sm-4\"><div class=\"vc_column-inner\"><div class=\"wpb_wrapper\"><div class=\"flip-box-wrap\" tabindex=\"0\" style=\"margin-right:4px;margin-left:4px;\"><div class=\"flip-box ifb-auto-height box1 horizontal_flip_left flip-ifb-auto-height\" data-animation=\"\" data-animation-delay=\"03\" style=\"\" ><div class=\"ifb-flip-box\" id=\"flip-box-wrap-7576\"><div class=\"ifb-face ifb-front\" style=\"color:#333333;background:#efefef;  border-color:#A4A4A4; \">\n\t\t\t\t\t\t\t<div class=\"ifb-flip-box-section ifb-flip-box-section-vertical-middle\">\n\t\t\t\t\t\t\t<div class=\"flip-box-icon\"><div class=\"ult-just-icon-wrapper\"><div class=\"align-icon\" style=\"text-align:center;\">\n<div class=\"aio-icon-img\" style=\"font-size:600px;display:inline-block;\" >\n\t<img decoding=\"async\" class=\"img-icon\" alt=\"null\" src=\"https:\/\/www.sw-gruppe.com\/wp-content\/uploads\/2022\/01\/AdobeStock_429966727_Preview.png\"\/>\n<\/div><\/div><\/div><\/div><\/div><\/div><!-- END .front -->\n\t\t\t\t\t\t<div class=\"ifb-face ifb-back\" style=\"color:#f4f4f4;color:#ffffff;  border-color:#A4A4A4; \">\n\t\t\t\t\t\t\t<div class=\"ifb-flip-box-section ifb-flip-box-section-vertical-middle\"><p class=\"ult-responsive flipbox_heading\"  data-ultimate-target='#flip-box-wrap-7576 .ult-responsive.flipbox_heading'  data-responsive-json-new='{\"font-size\":\"\",\"line-height\":\"\"}'  style=\"color:#f4f4f4; font-family:&#039;Poppins&#039;;\">REAL ESTATE MANAGEMENT<\/p><div class=\"ifb-desc-back\"><div class=\"ifb-flip-box-section-content ult-responsive\"  data-ultimate-target='#flip-box-wrap-7576 .ifb-flip-box-section-content.ult-responsive'  data-responsive-json-new='{\"font-size\":\"desktop:16px;\",\"line-height\":\"\"}'  style=\"font-family:&#039;Poppins&#039;;color:#f4f4f4;color:#ffffff;\"><p>Commercial properties call for comprehensive expertise if they are to be administered successfully. We ensure long-term value preservation and new perspectives.<\/p><\/div><\/div><div class=\"flip_link\"><a href=\"https:\/\/www.sw-gruppe.com\/en\/kompetenz\/kaufmaennische-verwaltung\/\"  >Find out more<\/a><\/div><\/div><\/div><!-- END .back --><\/div> <!-- ifb-flip-box --><\/div> <!-- flip-box --><\/div><!-- End icon block --><div id=\"ultimate-heading-96569ee2965d11b0\" class=\"uvc-heading ult-adjust-bottom-margin ultimate-heading-96569ee2965d11b0 uvc-6317  uvc-heading-default-font-sizes\" data-hspacer=\"no_spacer\"  data-halign=\"center\" style=\"text-align:center\"><div class=\"uvc-heading-spacer no_spacer\" style=\"top\"><\/div><div class=\"uvc-main-heading ult-responsive\"  data-ultimate-target='.uvc-heading.ultimate-heading-96569ee2965d11b0 h4'  data-responsive-json-new='{\"font-size\":\"\",\"line-height\":\"\"}' ><h4 style=\"font-family:&#039;Poppins&#039;;--font-weight:theme;\">REAL ESTATE MANAGEMENT<\/h4><\/div><\/div><\/div><\/div><\/div><div class=\"wpb_column vc_column_container vc_col-sm-4\"><div class=\"vc_column-inner\"><div class=\"wpb_wrapper\"><div class=\"flip-box-wrap\" tabindex=\"0\" style=\"margin-right:4px;margin-left:4px;\"><div class=\"flip-box ifb-auto-height box1 horizontal_flip_left flip-ifb-auto-height\" data-animation=\"\" data-animation-delay=\"03\" style=\"\" ><div class=\"ifb-flip-box\" id=\"flip-box-wrap-1517\"><div class=\"ifb-face ifb-front\" style=\"color:#333333;background:#efefef;  border-color:#A4A4A4; \">\n\t\t\t\t\t\t\t<div class=\"ifb-flip-box-section ifb-flip-box-section-vertical-middle\">\n\t\t\t\t\t\t\t<div class=\"flip-box-icon\"><div class=\"ult-just-icon-wrapper\"><div class=\"align-icon\" style=\"text-align:center;\">\n<div class=\"aio-icon-img\" style=\"font-size:600px;display:inline-block;\" >\n\t<img decoding=\"async\" class=\"img-icon\" alt=\"null\" src=\"https:\/\/www.sw-gruppe.com\/wp-content\/uploads\/2022\/01\/AdobeStock_429966727_Preview.png\"\/>\n<\/div><\/div><\/div><\/div><\/div><\/div><!-- END .front -->\n\t\t\t\t\t\t<div class=\"ifb-face ifb-back\" style=\"color:#f4f4f4;color:#ffffff;  border-color:#A4A4A4; \">\n\t\t\t\t\t\t\t<div class=\"ifb-flip-box-section ifb-flip-box-section-vertical-middle\"><h3 class=\"ult-responsive flipbox_heading\"  data-ultimate-target='#flip-box-wrap-1517 .ult-responsive.flipbox_heading'  data-responsive-json-new='{\"font-size\":\"\",\"line-height\":\"\"}'  style=\"color:#f4f4f4; font-family:&#039;Poppins&#039;;\">REAL ESTATE INVESTMENT<\/h3><div class=\"ifb-desc-back\"><div class=\"ifb-flip-box-section-content ult-responsive\"  data-ultimate-target='#flip-box-wrap-1517 .ifb-flip-box-section-content.ult-responsive'  data-responsive-json-new='{\"font-size\":\"desktop:16px;\",\"line-height\":\"\"}'  style=\"font-family:&#039;Poppins&#039;;color:#f4f4f4;color:#ffffff;\"><p>Buildings in 1a central location, logistics centres on the outskirts, lighthouse projects with potential \u2013 where can money really be made? Without sound market know-ledge, probably nowhere.<\/p><\/div><\/div><div class=\"flip_link\"><a href=\"https:\/\/www.sw-gruppe.com\/en\/kompetenz\/investment\/\"  >Find out more<\/a><\/div><\/div><\/div><!-- END .back --><\/div> <!-- ifb-flip-box --><\/div> <!-- flip-box --><\/div><!-- End icon block --><div id=\"ultimate-heading-305169ee2965d1654\" class=\"uvc-heading ult-adjust-bottom-margin ultimate-heading-305169ee2965d1654 uvc-9387  uvc-heading-default-font-sizes\" data-hspacer=\"no_spacer\"  data-halign=\"center\" style=\"text-align:center\"><div class=\"uvc-heading-spacer no_spacer\" style=\"top\"><\/div><div class=\"uvc-main-heading ult-responsive\"  data-ultimate-target='.uvc-heading.ultimate-heading-305169ee2965d1654 h4'  data-responsive-json-new='{\"font-size\":\"\",\"line-height\":\"\"}' ><h4 style=\"font-family:&#039;Poppins&#039;;--font-weight:theme;\">REAL ESTATE INVESTMENT<\/h4><\/div><\/div><\/div><\/div><\/div><div class=\"facility wpb_column vc_column_container vc_col-sm-4\"><div class=\"vc_column-inner\"><div class=\"wpb_wrapper\"><div class=\"flip-box-wrap\" tabindex=\"0\" style=\"margin-right:4px;margin-left:4px;\"><div class=\"flip-box ifb-auto-height box1 horizontal_flip_left flip-ifb-auto-height\" data-animation=\"\" data-animation-delay=\"03\" style=\"\" ><div class=\"ifb-flip-box\" id=\"flip-box-wrap-5969\"><div class=\"ifb-face ifb-front\" style=\"color:#333333;background:#efefef;  border-color:#A4A4A4; \">\n\t\t\t\t\t\t\t<div class=\"ifb-flip-box-section ifb-flip-box-section-vertical-middle\">\n\t\t\t\t\t\t\t<div class=\"flip-box-icon\"><div class=\"ult-just-icon-wrapper\"><div class=\"align-icon\" style=\"text-align:center;\">\n<div class=\"aio-icon-img\" style=\"font-size:600px;display:inline-block;\" >\n\t<img decoding=\"async\" class=\"img-icon\" alt=\"null\" src=\"https:\/\/www.sw-gruppe.com\/wp-content\/uploads\/2022\/01\/AdobeStock_429966727_Preview.png\"\/>\n<\/div><\/div><\/div><\/div><\/div><\/div><!-- END .front -->\n\t\t\t\t\t\t<div class=\"ifb-face ifb-back\" style=\"color:#f4f4f4;color:#ffffff;  border-color:#A4A4A4; \">\n\t\t\t\t\t\t\t<div class=\"ifb-flip-box-section ifb-flip-box-section-vertical-middle\"><h3 class=\"ult-responsive flipbox_heading\"  data-ultimate-target='#flip-box-wrap-5969 .ult-responsive.flipbox_heading'  data-responsive-json-new='{\"font-size\":\"\",\"line-height\":\"\"}'  style=\"color:#f4f4f4; font-family:&#039;Poppins&#039;;\">FACILITY MANAGEMENT<\/h3><div class=\"ifb-desc-back\"><div class=\"ifb-flip-box-section-content ult-responsive\"  data-ultimate-target='#flip-box-wrap-5969 .ifb-flip-box-section-content.ult-responsive'  data-responsive-json-new='{\"font-size\":\"desktop:16px;\",\"line-height\":\"\"}'  style=\"font-family:&#039;Poppins&#039;;color:#f4f4f4;color:#ffffff;\"><p>Supply and disposal, heat, electricity, IT \u2013 both the technical and also the legal demands are rising. We keep the building plant up to the state of the art.<\/p><\/div><\/div><div class=\"flip_link\"><a href=\"https:\/\/www.sw-gruppe.com\/en\/kompetenz\/facility-management\/\"  >Find out more<\/a><\/div><\/div><\/div><!-- END .back --><\/div> <!-- ifb-flip-box --><\/div> <!-- flip-box --><\/div><!-- End icon block --><div id=\"ultimate-heading-779069ee2965d1b11\" class=\"uvc-heading ult-adjust-bottom-margin ultimate-heading-779069ee2965d1b11 uvc-4571  uvc-heading-default-font-sizes\" data-hspacer=\"no_spacer\"  data-halign=\"center\" style=\"text-align:center\"><div class=\"uvc-heading-spacer no_spacer\" style=\"top\"><\/div><div class=\"uvc-main-heading ult-responsive\"  data-ultimate-target='.uvc-heading.ultimate-heading-779069ee2965d1b11 h4'  data-responsive-json-new='{\"font-size\":\"\",\"line-height\":\"\"}' ><h4 style=\"font-family:&#039;Poppins&#039;;--font-weight:theme;\">FACILITY MANAGEMENT<\/h4><\/div><\/div><\/div><\/div><\/div><\/div><div class=\"vc_row-full-width vc_clearfix\"><\/div>\n<\/div>","protected":false},"excerpt":{"rendered":"<p>FACILITY MANAGEMENT &#8211; AUCH IN TECHNISCHEN FRAGEN BESTENS AUFGESTELLT Technische Geb\u00e4udeausstattung und Infrastruktur unterliegen naturgem\u00e4\u00df fortw\u00e4hrender Ver\u00e4nderungen. Allein schon im Energiesektor sind zunehmend sch\u00e4rfere Auflagen zu erf\u00fcllen. Die rasante Entwicklung moderner Kommunikationstechnologien, Steuerungstechnik und Assistenzsysteme bringt zus\u00e4tzlich Dynamik ins Spiel. Entsprechend top aktuell und top qualifiziert ist daher das Facility Management Team der SW Gruppe.&hellip;<\/p>","protected":false},"author":2,"featured_media":0,"parent":0,"menu_order":0,"comment_status":"closed","ping_status":"closed","template":"","meta":{"footnotes":""},"class_list":["post-57244","page","type-page","status-publish","hentry","description-off"],"_links":{"self":[{"href":"https:\/\/www.sw-gruppe.com\/en\/wp-json\/wp\/v2\/pages\/57244","targetHints":{"allow":["GET"]}}],"collection":[{"href":"https:\/\/www.sw-gruppe.com\/en\/wp-json\/wp\/v2\/pages"}],"about":[{"href":"https:\/\/www.sw-gruppe.com\/en\/wp-json\/wp\/v2\/types\/page"}],"author":[{"embeddable":true,"href":"https:\/\/www.sw-gruppe.com\/en\/wp-json\/wp\/v2\/users\/2"}],"replies":[{"embeddable":true,"href":"https:\/\/www.sw-gruppe.com\/en\/wp-json\/wp\/v2\/comments?post=57244"}],"version-history":[{"count":5,"href":"https:\/\/www.sw-gruppe.com\/en\/wp-json\/wp\/v2\/pages\/57244\/revisions"}],"predecessor-version":[{"id":57888,"href":"https:\/\/www.sw-gruppe.com\/en\/wp-json\/wp\/v2\/pages\/57244\/revisions\/57888"}],"wp:attachment":[{"href":"https:\/\/www.sw-gruppe.com\/en\/wp-json\/wp\/v2\/media?parent=57244"}],"curies":[{"name":"wp","href":"https:\/\/api.w.org\/{rel}","templated":true}]}}