{"id":57288,"date":"2022-01-11T10:14:24","date_gmt":"2022-01-11T10:14:24","guid":{"rendered":"https:\/\/www.sw-gruppe.com\/?page_id=57288"},"modified":"2024-03-21T12:03:55","modified_gmt":"2024-03-21T11:03:55","slug":"investment","status":"publish","type":"page","link":"https:\/\/www.sw-gruppe.com\/en\/kompetenz\/investment\/","title":{"rendered":"Investment"},"content":{"rendered":"<div class=\"wpb-content-wrapper\"><div data-vc-full-width=\"true\" data-vc-full-width-temp=\"true\" data-vc-full-width-init=\"false\" class=\"vc_row wpb_row vc_row-fluid\"><div class=\"wpb_column vc_column_container vc_col-sm-6\"><div class=\"vc_column-inner\"><div class=\"wpb_wrapper\">\n\t<div class=\"wpb_text_column wpb_content_element\" >\n\t\t<div class=\"wpb_wrapper\">\n\t\t\t<h1>REAL ESTATE INVESTMENT<em><br \/>\nSOUND OUT MARKETS, MEDIATE PROJECTS, \nDEVELOP PERSPECTIVES<br \/>\n<\/em><\/h1>\n<p>Commercially used properties have been a popular and reliable capital investment for decades. Backed by pro-fessional all-round analysis, opportunity evaluation and sustainable property development, they are the pillar of the highest yield investment category.<\/p>\n<p>The SW Group has many years of experience in the real estate sector. The focus of our investment strategy is on office buildings, retail and logistics centres, produc-tion facilities and business parks. Since 2016 also resi-dential estates, residential and business properties \u2013 primarily in Germany, Austria, Czech Republic and Italy.<\/p>\n<p>We complete deals both for ourselves and also on be-half of third parties. Our principals include not only pri-vate investors but also well-known DAX and NASDAQ companies.<\/p>\n<p>Our services range from property research and market analysis through to feasibility studies and forecast models. We always address a building's entire life cycle and devise tailored strategies for property development and boosting value creation.<\/p>\n\n\t\t<\/div>\n\t<\/div>\n<\/div><\/div><\/div><div class=\"boxpadding wpb_column vc_column_container vc_col-sm-6\"><div class=\"vc_column-inner\"><div class=\"wpb_wrapper\">\n\t<div  class=\"wpb_single_image wpb_content_element vc_align_right\">\n\t\t\n\t\t<figure class=\"wpb_wrapper vc_figure\">\n\t\t\t<div class=\"vc_single_image-wrapper   vc_box_border_grey\"><img loading=\"lazy\" decoding=\"async\" width=\"674\" height=\"429\" src=\"https:\/\/www.sw-gruppe.com\/wp-content\/uploads\/2022\/07\/investment6.jpg\" class=\"vc_single_image-img attachment-full\" alt=\"\" title=\"REAL ESTATE INVESTMENT\" srcset=\"https:\/\/www.sw-gruppe.com\/wp-content\/uploads\/2022\/07\/investment6.jpg 674w, https:\/\/www.sw-gruppe.com\/wp-content\/uploads\/2022\/07\/investment6-300x191.jpg 300w, https:\/\/www.sw-gruppe.com\/wp-content\/uploads\/2022\/07\/investment6-18x12.jpg 18w\" sizes=\"auto, (max-width: 674px) 100vw, 674px\"  data-dt-location=\"https:\/\/www.sw-gruppe.com\/en\/kompetenz\/investment\/investment6\/\" \/><\/div>\n\t\t<\/figure>\n\t<\/div>\n<\/div><\/div><\/div><\/div><div class=\"vc_row-full-width vc_clearfix\"><\/div><div data-vc-full-width=\"true\" data-vc-full-width-temp=\"true\" data-vc-full-width-init=\"false\" data-vc-stretch-content=\"true\" class=\"vc_row wpb_row vc_row-fluid vc_custom_1646824394766 vc_row-has-fill vc_row-o-equal-height vc_row-flex\"><div class=\"wpb_column vc_column_container vc_col-sm-12\"><div class=\"vc_column-inner\"><div class=\"wpb_wrapper\">\n\t<div class=\"wpb_text_column wpb_content_element  vc_custom_1646319093616\" >\n\t\t<div class=\"wpb_wrapper\">\n\t\t\t<h2>BE IT OFFICE BUILDINGS, INDUSTRIAL ESTATES OR LOGISTICS CENTRES \u2013 WE ENSURE PROTECTION OF VALUE AND GOOD PERSPECTIVES.<br \/>\n<em>OUR PILLARS FOR YOUR SUCCESS<\/em><\/h2>\n\n\t\t<\/div>\n\t<\/div>\n<\/div><\/div><\/div><div class=\"wpb_column vc_column_container vc_col-sm-4\"><div class=\"vc_column-inner\"><div class=\"wpb_wrapper\"><div class=\"flip-box-wrap\" tabindex=\"0\" style=\"margin-right:4px;margin-left:4px;\"><div class=\"flip-box ifb-auto-height box1 horizontal_flip_left flip-ifb-auto-height\" data-animation=\"\" data-animation-delay=\"03\" style=\"\" ><div class=\"ifb-flip-box\" id=\"flip-box-wrap-4269\"><div class=\"ifb-face ifb-front\" style=\"color:#333333;background:#efefef;  border-color:#A4A4A4; \">\n\t\t\t\t\t\t\t<div class=\"ifb-flip-box-section ifb-flip-box-section-vertical-middle\">\n\t\t\t\t\t\t\t<div class=\"flip-box-icon\"><div class=\"ult-just-icon-wrapper\"><div class=\"align-icon\" style=\"text-align:center;\">\n<div class=\"aio-icon-img\" style=\"font-size:600px;display:inline-block;\" >\n\t<img decoding=\"async\" class=\"img-icon\" alt=\"null\" src=\"https:\/\/www.sw-gruppe.com\/wp-content\/uploads\/2022\/05\/verwaltung4.jpg\"\/>\n<\/div><\/div><\/div><\/div><\/div><\/div><!-- END .front -->\n\t\t\t\t\t\t<div class=\"ifb-face ifb-back\" style=\"color:#f4f4f4;color:#ffffff;  border-color:#A4A4A4; \">\n\t\t\t\t\t\t\t<div class=\"ifb-flip-box-section ifb-flip-box-section-vertical-middle\"><h3 class=\"ult-responsive flipbox_heading\"  data-ultimate-target='#flip-box-wrap-4269 .ult-responsive.flipbox_heading'  data-responsive-json-new='{\"font-size\":\"\",\"line-height\":\"\"}'  style=\"color:#f4f4f4; font-family:&#039;Poppins&#039;;\">REAL ESTATE MANAGEMENT<\/h3><div class=\"ifb-desc-back\"><div class=\"ifb-flip-box-section-content ult-responsive\"  data-ultimate-target='#flip-box-wrap-4269 .ifb-flip-box-section-content.ult-responsive'  data-responsive-json-new='{\"font-size\":\"desktop:16px;\",\"line-height\":\"\"}'  style=\"font-family:&#039;Poppins&#039;;color:#f4f4f4;color:#ffffff;\"><p>Commercial properties call for comprehensive expertise if they are to be administered successfully. We ensure long-term value preservation and new perspectives.<\/p><\/div><\/div><div class=\"flip_link\"><a href=\"https:\/\/www.sw-gruppe.com\/en\/kompetenz\/kaufmaennische-verwaltung\/\"  >Find out more<\/a><\/div><\/div><\/div><!-- END .back --><\/div> <!-- ifb-flip-box --><\/div> <!-- flip-box --><\/div><!-- End icon block --><div id=\"ultimate-heading-464069ee121f31008\" class=\"uvc-heading ult-adjust-bottom-margin ultimate-heading-464069ee121f31008 uvc-1164  uvc-heading-default-font-sizes\" data-hspacer=\"no_spacer\"  data-halign=\"center\" style=\"text-align:center\"><div class=\"uvc-heading-spacer no_spacer\" style=\"top\"><\/div><div class=\"uvc-main-heading ult-responsive\"  data-ultimate-target='.uvc-heading.ultimate-heading-464069ee121f31008 h4'  data-responsive-json-new='{\"font-size\":\"\",\"line-height\":\"\"}' ><h4 style=\"font-family:&#039;Poppins&#039;;--font-weight:theme;\">REAL ESTATE MANAGEMENT<\/h4><\/div><\/div><\/div><\/div><\/div><div class=\"facility wpb_column vc_column_container vc_col-sm-4\"><div class=\"vc_column-inner\"><div class=\"wpb_wrapper\"><div class=\"flip-box-wrap\" tabindex=\"0\" style=\"margin-right:4px;margin-left:4px;\"><div class=\"flip-box ifb-auto-height box1 horizontal_flip_left flip-ifb-auto-height\" data-animation=\"\" data-animation-delay=\"03\" style=\"\" ><div class=\"ifb-flip-box\" id=\"flip-box-wrap-4422\"><div class=\"ifb-face ifb-front\" style=\"color:#333333;background:#efefef;  border-color:#A4A4A4; \">\n\t\t\t\t\t\t\t<div class=\"ifb-flip-box-section ifb-flip-box-section-vertical-middle\">\n\t\t\t\t\t\t\t<div class=\"flip-box-icon\"><div class=\"ult-just-icon-wrapper\"><div class=\"align-icon\" style=\"text-align:center;\">\n<div class=\"aio-icon-img\" style=\"font-size:600px;display:inline-block;\" >\n\t<img decoding=\"async\" class=\"img-icon\" alt=\"null\" src=\"https:\/\/www.sw-gruppe.com\/wp-content\/uploads\/2022\/05\/investment5.jpg\"\/>\n<\/div><\/div><\/div><\/div><\/div><\/div><!-- END .front -->\n\t\t\t\t\t\t<div class=\"ifb-face ifb-back\" style=\"color:#ffffff;  border-color:#A4A4A4; \">\n\t\t\t\t\t\t\t<div class=\"ifb-flip-box-section ifb-flip-box-section-vertical-middle\"><h3 class=\"ult-responsive flipbox_heading\"  data-ultimate-target='#flip-box-wrap-4422 .ult-responsive.flipbox_heading'  data-responsive-json-new='{\"font-size\":\"\",\"line-height\":\"\"}'  style=\"color:#ffffff; font-family:&#039;Poppins&#039;;\">REAL ESTATE INVESTMENT<\/h3><div class=\"ifb-desc-back\"><div class=\"ifb-flip-box-section-content ult-responsive\"  data-ultimate-target='#flip-box-wrap-4422 .ifb-flip-box-section-content.ult-responsive'  data-responsive-json-new='{\"font-size\":\"desktop:16px;\",\"line-height\":\"\"}'  style=\"font-family:&#039;Poppins&#039;;color:#ffffff;\"><p>Buildings in 1a central location, logistics centres on the outskirts, lighthouse projects with potential \u2013 where can money really be made? Without sound market know-ledge, probably nowhere.<\/p><\/div><\/div><div class=\"flip_link\"><a href=\"https:\/\/www.sw-gruppe.com\/en\/kompetenz\/investment\/\"  >Find out more<\/a><\/div><\/div><\/div><!-- END .back --><\/div> <!-- ifb-flip-box --><\/div> <!-- flip-box --><\/div><!-- End icon block --><div id=\"ultimate-heading-29269ee121f31fb8\" class=\"uvc-heading ult-adjust-bottom-margin ultimate-heading-29269ee121f31fb8 uvc-4621  uvc-heading-default-font-sizes\" data-hspacer=\"no_spacer\"  data-halign=\"center\" style=\"text-align:center\"><div class=\"uvc-heading-spacer no_spacer\" style=\"top\"><\/div><div class=\"uvc-main-heading ult-responsive\"  data-ultimate-target='.uvc-heading.ultimate-heading-29269ee121f31fb8 h4'  data-responsive-json-new='{\"font-size\":\"\",\"line-height\":\"\"}' ><h4 style=\"font-family:&#039;Poppins&#039;;--font-weight:theme;\">REAL ESTATE INVESTMENT<\/h4><\/div><\/div><\/div><\/div><\/div><div class=\"wpb_column vc_column_container vc_col-sm-4\"><div class=\"vc_column-inner\"><div class=\"wpb_wrapper\"><div class=\"flip-box-wrap\" tabindex=\"0\" style=\"margin-right:4px;margin-left:4px;\"><div class=\"flip-box ifb-auto-height box1 horizontal_flip_left flip-ifb-auto-height\" data-animation=\"\" data-animation-delay=\"03\" style=\"\" ><div class=\"ifb-flip-box\" id=\"flip-box-wrap-2670\"><div class=\"ifb-face ifb-front\" style=\"color:#333333;background:#efefef;  border-color:#A4A4A4; \">\n\t\t\t\t\t\t\t<div class=\"ifb-flip-box-section ifb-flip-box-section-vertical-middle\">\n\t\t\t\t\t\t\t<div class=\"flip-box-icon\"><div class=\"ult-just-icon-wrapper\"><div class=\"align-icon\" style=\"text-align:center;\">\n<div class=\"aio-icon-img\" style=\"font-size:600px;display:inline-block;\" >\n\t<img decoding=\"async\" class=\"img-icon\" alt=\"null\" src=\"https:\/\/www.sw-gruppe.com\/wp-content\/uploads\/2022\/05\/fm.jpg\"\/>\n<\/div><\/div><\/div><\/div><\/div><\/div><!-- END .front -->\n\t\t\t\t\t\t<div class=\"ifb-face ifb-back\" style=\"color:#f4f4f4;color:#ffffff;  border-color:#A4A4A4; \">\n\t\t\t\t\t\t\t<div class=\"ifb-flip-box-section ifb-flip-box-section-vertical-middle\"><h3 class=\"ult-responsive flipbox_heading\"  data-ultimate-target='#flip-box-wrap-2670 .ult-responsive.flipbox_heading'  data-responsive-json-new='{\"font-size\":\"\",\"line-height\":\"\"}'  style=\"color:#f4f4f4; font-family:&#039;Poppins&#039;;\">FACILITY MANAGEMENT<\/h3><div class=\"ifb-desc-back\"><div class=\"ifb-flip-box-section-content ult-responsive\"  data-ultimate-target='#flip-box-wrap-2670 .ifb-flip-box-section-content.ult-responsive'  data-responsive-json-new='{\"font-size\":\"desktop:16px;\",\"line-height\":\"\"}'  style=\"font-family:&#039;Poppins&#039;;color:#f4f4f4;color:#ffffff;\"><p>Supply and disposal, heat, electricity, IT \u2013 both the technical and also the legal demands are rising. We keep the building plant up to the state of the art.<\/p><\/div><\/div><div class=\"flip_link\"><a href=\"https:\/\/www.sw-gruppe.com\/en\/kompetenz\/facility-management\/\"  >Find out more<\/a><\/div><\/div><\/div><!-- END .back --><\/div> <!-- ifb-flip-box --><\/div> <!-- flip-box --><\/div><!-- End icon block --><div id=\"ultimate-heading-950069ee121f32f73\" class=\"uvc-heading ult-adjust-bottom-margin ultimate-heading-950069ee121f32f73 uvc-7357  uvc-heading-default-font-sizes\" data-hspacer=\"no_spacer\"  data-halign=\"center\" style=\"text-align:center\"><div class=\"uvc-heading-spacer no_spacer\" style=\"top\"><\/div><div class=\"uvc-main-heading ult-responsive\"  data-ultimate-target='.uvc-heading.ultimate-heading-950069ee121f32f73 h4'  data-responsive-json-new='{\"font-size\":\"\",\"line-height\":\"\"}' ><h4 style=\"font-family:&#039;Poppins&#039;;--font-weight:theme;\">FACILITY MANAGEMENT<\/h4><\/div><\/div><\/div><\/div><\/div><\/div><div class=\"vc_row-full-width vc_clearfix\"><\/div>\n<\/div>","protected":false},"excerpt":{"rendered":"<p>IMMOBILIEN INVESTMENT M\u00c4RKTE SONDIEREN, PROJEKTE VERMITTELN, PERSPEKTIVEN ENTWICKELN Gewerblich genutzte Immobilien z\u00e4hlen seit Jahrzehnten zu den bevorzugten, verl\u00e4sslichen Kapitalanlagen. Eine professionelle Komplettanalyse, Chancenbewertung und nachhaltige Objektentwicklung vorausgesetzt, sind sie die Eckpfeiler der renditestarken Investmentklasse. Die SW Gruppe verf\u00fcgt \u00fcber langj\u00e4hrige Erfahrungen im Immobiliensektor. Im Fokus unserer Anlagestrategie stehen B\u00fcrogeb\u00e4ude, Einkaufs- und Logistikzentren, Produktionshallen und Gewerbeparks.&hellip;<\/p>","protected":false},"author":2,"featured_media":0,"parent":57244,"menu_order":0,"comment_status":"closed","ping_status":"closed","template":"","meta":{"footnotes":""},"class_list":["post-57288","page","type-page","status-publish","hentry","description-off"],"_links":{"self":[{"href":"https:\/\/www.sw-gruppe.com\/en\/wp-json\/wp\/v2\/pages\/57288","targetHints":{"allow":["GET"]}}],"collection":[{"href":"https:\/\/www.sw-gruppe.com\/en\/wp-json\/wp\/v2\/pages"}],"about":[{"href":"https:\/\/www.sw-gruppe.com\/en\/wp-json\/wp\/v2\/types\/page"}],"author":[{"embeddable":true,"href":"https:\/\/www.sw-gruppe.com\/en\/wp-json\/wp\/v2\/users\/2"}],"replies":[{"embeddable":true,"href":"https:\/\/www.sw-gruppe.com\/en\/wp-json\/wp\/v2\/comments?post=57288"}],"version-history":[{"count":6,"href":"https:\/\/www.sw-gruppe.com\/en\/wp-json\/wp\/v2\/pages\/57288\/revisions"}],"predecessor-version":[{"id":57979,"href":"https:\/\/www.sw-gruppe.com\/en\/wp-json\/wp\/v2\/pages\/57288\/revisions\/57979"}],"up":[{"embeddable":true,"href":"https:\/\/www.sw-gruppe.com\/en\/wp-json\/wp\/v2\/pages\/57244"}],"wp:attachment":[{"href":"https:\/\/www.sw-gruppe.com\/en\/wp-json\/wp\/v2\/media?parent=57288"}],"curies":[{"name":"wp","href":"https:\/\/api.w.org\/{rel}","templated":true}]}}